{"id":1106,"date":"2023-05-21T14:11:04","date_gmt":"2023-05-21T12:11:04","guid":{"rendered":"https:\/\/kleintierzuchtverein-v11.com\/?page_id=1106"},"modified":"2023-05-21T14:11:05","modified_gmt":"2023-05-21T12:11:05","slug":"zuechterportrait-cornelia-koidl","status":"publish","type":"page","link":"https:\/\/kleintierzuchtverein-v11.com\/?page_id=1106","title":{"rendered":"Z\u00fcchterportrait Cornelia Koidl"},"content":{"rendered":"\t\t<div data-elementor-type=\"wp-page\" data-elementor-id=\"1106\" class=\"elementor elementor-1106\">\n\t\t\t\t\t\t<section class=\"elementor-section elementor-top-section elementor-element elementor-element-5b072e89 elementor-section-content-middle elementor-section-stretched elementor-section-boxed elementor-section-height-default elementor-section-height-default wpr-particle-no wpr-jarallax-no wpr-parallax-no wpr-sticky-section-no wpr-equal-height-no\" data-id=\"5b072e89\" data-element_type=\"section\" data-e-type=\"section\" data-settings=\"{&quot;stretch_section&quot;:&quot;section-stretched&quot;}\">\n\t\t\t\t\t\t\t<div class=\"elementor-background-overlay\"><\/div>\n\t\t\t\t\t\t\t<div class=\"elementor-container elementor-column-gap-wide\">\n\t\t\t\t\t<div class=\"elementor-column elementor-col-100 elementor-top-column elementor-element elementor-element-72d845cf\" data-id=\"72d845cf\" data-element_type=\"column\" data-e-type=\"column\">\n\t\t\t<div class=\"elementor-widget-wrap elementor-element-populated\">\n\t\t\t\t\t\t<div class=\"elementor-element elementor-element-50373342 elementor-invisible elementor-widget elementor-widget-heading\" data-id=\"50373342\" data-element_type=\"widget\" data-e-type=\"widget\" data-settings=\"{&quot;_animation&quot;:&quot;fadeIn&quot;,&quot;_animation_delay&quot;:50}\" data-widget_type=\"heading.default\">\n\t\t\t\t<div class=\"elementor-widget-container\">\n\t\t\t\t\t<h2 class=\"elementor-heading-title elementor-size-default\">Z\u00fcchterportrait V11<\/h2>\t\t\t\t<\/div>\n\t\t\t\t<\/div>\n\t\t\t\t<div class=\"elementor-element elementor-element-2d3cb1ef elementor-invisible elementor-widget elementor-widget-heading\" data-id=\"2d3cb1ef\" data-element_type=\"widget\" data-e-type=\"widget\" data-settings=\"{&quot;_animation&quot;:&quot;fadeIn&quot;,&quot;_animation_delay&quot;:100}\" data-widget_type=\"heading.default\">\n\t\t\t\t<div class=\"elementor-widget-container\">\n\t\t\t\t\t<h2 class=\"elementor-heading-title elementor-size-default\">Cornelia Koidl<\/h2>\t\t\t\t<\/div>\n\t\t\t\t<\/div>\n\t\t\t\t<div class=\"elementor-element elementor-element-f5a55f1 elementor-widget-divider--view-line elementor-invisible elementor-widget elementor-widget-divider\" data-id=\"f5a55f1\" data-element_type=\"widget\" data-e-type=\"widget\" data-settings=\"{&quot;_animation&quot;:&quot;fadeIn&quot;,&quot;_animation_delay&quot;:300}\" data-widget_type=\"divider.default\">\n\t\t\t\t<div class=\"elementor-widget-container\">\n\t\t\t\t\t\t\t<div class=\"elementor-divider\">\n\t\t\t<span class=\"elementor-divider-separator\">\n\t\t\t\t\t\t<\/span>\n\t\t<\/div>\n\t\t\t\t\t\t<\/div>\n\t\t\t\t<\/div>\n\t\t\t\t\t<\/div>\n\t\t<\/div>\n\t\t\t\t\t<\/div>\n\t\t<\/section>\n\t\t\t\t<section class=\"elementor-section elementor-top-section elementor-element elementor-element-2c326a0 elementor-section-boxed elementor-section-height-default elementor-section-height-default wpr-particle-no wpr-jarallax-no wpr-parallax-no wpr-sticky-section-no wpr-equal-height-no\" data-id=\"2c326a0\" data-element_type=\"section\" data-e-type=\"section\">\n\t\t\t\t\t\t<div class=\"elementor-container elementor-column-gap-default\">\n\t\t\t\t\t<div class=\"elementor-column elementor-col-100 elementor-top-column elementor-element elementor-element-875da28\" data-id=\"875da28\" data-element_type=\"column\" data-e-type=\"column\">\n\t\t\t<div class=\"elementor-widget-wrap elementor-element-populated\">\n\t\t\t\t\t\t<div class=\"elementor-element elementor-element-d8920ae elementor-widget elementor-widget-image\" data-id=\"d8920ae\" data-element_type=\"widget\" data-e-type=\"widget\" data-widget_type=\"image.default\">\n\t\t\t\t<div class=\"elementor-widget-container\">\n\t\t\t\t\t\t\t\t\t\t\t\t\t\t\t<img fetchpriority=\"high\" decoding=\"async\" width=\"768\" height=\"574\" src=\"https:\/\/kleintierzuchtverein-v11.com\/wp-content\/uploads\/2023\/05\/IMG_0635-768x574.jpg\" class=\"attachment-medium_large size-medium_large wp-image-1118\" alt=\"\" srcset=\"https:\/\/kleintierzuchtverein-v11.com\/wp-content\/uploads\/2023\/05\/IMG_0635-768x574.jpg 768w, https:\/\/kleintierzuchtverein-v11.com\/wp-content\/uploads\/2023\/05\/IMG_0635-300x224.jpg 300w, https:\/\/kleintierzuchtverein-v11.com\/wp-content\/uploads\/2023\/05\/IMG_0635-1024x765.jpg 1024w, https:\/\/kleintierzuchtverein-v11.com\/wp-content\/uploads\/2023\/05\/IMG_0635-1536x1147.jpg 1536w, https:\/\/kleintierzuchtverein-v11.com\/wp-content\/uploads\/2023\/05\/IMG_0635-2048x1530.jpg 2048w\" sizes=\"(max-width: 768px) 100vw, 768px\" \/>\t\t\t\t\t\t\t\t\t\t\t\t\t\t\t<\/div>\n\t\t\t\t<\/div>\n\t\t\t\t<div class=\"elementor-element elementor-element-6858c36 elementor-widget elementor-widget-text-editor\" data-id=\"6858c36\" data-element_type=\"widget\" data-e-type=\"widget\" data-widget_type=\"text-editor.default\">\n\t\t\t\t<div class=\"elementor-widget-container\">\n\t\t\t\t\t\t\t\t\t<p>Mitglied seit 20.07.2007<\/p><p>Schriftf\u00fchrerin seit: April 2014<\/p><p><span style=\"font-size: 1rem; background-color: var(--wp--preset--color--base);\">Bereits von Kindesbeinen an spielte die Rassekaninchenzucht in meinem Leben eine gro\u00dfe Rolle. Mein Opa war als Gr\u00fcndungsmitglied des Vereins V11 Bludenz selbst begeisterter Kaninchenz\u00fcchter. So hatte ich bereits als kleines Kind ein Kaninchen im Stall, das ich selber f\u00fcttern und pflegen durfte \u2013 damals noch die Rasse Hotot.<\/span><\/p><p>\u00a0<\/p><p>Mit der Zeit musste mein Opa aus Altersgr\u00fcnden die Zucht aufgeben. Die Erinnerungen jedoch blieben und die gewonnen Preise und Dokumente sind nach wie vor \u00fcberall im Haus zu finden. So kam es, dass mir eines Tages im Alter von 15 Jahren der Rasse-Standard in die H\u00e4nde fiel. Ich bl\u00e4tterte durch und verliebte mich auf Anhieb in die Rasse Kleinsilber gelb.<\/p><p>Zwei Jahre sp\u00e4ter \u2013 im Jahr 2007 \u2013 wurde mein Wunsch erf\u00fcllt ich durfte mein erstes Kaninchen-Paar (organisiert von Alfred R\u00fctzler) unter dem Weihnachstbaum \u201eauspacken\u201c. Aller Anfang ist schwer, doch dank der hervorragenden Betreuung unseres Zuchtwarts Martin Wachter und der guten Unterst\u00fctzung meiner Eltern stellten sich schon bald die ersten Erfolge ein. Seit April 2014 bin ich Schriftf\u00fchrerin im Verein und f\u00fchre diese Funktion mit Begeisterung aus.<\/p><p>\u00a0<\/p><p>Landesmeister: 2010 , 2014<\/p><p>Vize-Landesmeister: 2013<\/p><p>Vize-Vereinsmeister: 2013<\/p><p>\u00a0<\/p><p>\u00a0<\/p>\t\t\t\t\t\t\t\t<\/div>\n\t\t\t\t<\/div>\n\t\t\t\t\t<\/div>\n\t\t<\/div>\n\t\t\t\t\t<\/div>\n\t\t<\/section>\n\t\t\t\t<\/div>\n\t\t","protected":false},"excerpt":{"rendered":"<p>Z\u00fcchterportrait V11 Cornelia Koidl Mitglied seit 20.07.2007 Schriftf\u00fchrerin seit: April 2014 Bereits von Kindesbeinen an spielte die Rassekaninchenzucht in meinem Leben eine gro\u00dfe Rolle. Mein Opa war als Gr\u00fcndungsmitglied des Vereins V11 Bludenz selbst begeisterter Kaninchenz\u00fcchter. So hatte ich bereits als kleines Kind ein Kaninchen im Stall, das ich selber f\u00fcttern und pflegen durfte \u2013 damals noch die Rasse Hotot. Mit der Zeit musste mein Opa aus Altersgr\u00fcnden die Zucht aufgeben. Die Erinnerungen jedoch blieben und die gewonnen Preise und Dokumente sind nach wie vor \u00fcberall im Haus zu finden. So kam es, dass mir eines Tages im Alter von 15 Jahren der Rasse-Standard in die H\u00e4nde fiel. Ich bl\u00e4tterte durch und verliebte mich auf Anhieb in die Rasse Kleinsilber gelb. Zwei Jahre sp\u00e4ter \u2013 im Jahr 2007 \u2013 wurde mein Wunsch erf\u00fcllt ich durfte mein erstes Kaninchen-Paar (organisiert von Alfred R\u00fctzler) unter dem Weihnachstbaum \u201eauspacken\u201c. Aller Anfang ist schwer, doch dank der hervorragenden Betreuung unseres Zuchtwarts Martin Wachter und der guten Unterst\u00fctzung meiner Eltern stellten sich schon bald die ersten Erfolge ein. Seit April 2014 bin ich Schriftf\u00fchrerin im Verein und f\u00fchre diese Funktion mit Begeisterung aus. Landesmeister: 2010 , 2014 Vize-Landesmeister: 2013 Vize-Vereinsmeister: 2013<\/p>\n","protected":false},"author":1,"featured_media":0,"parent":0,"menu_order":0,"comment_status":"closed","ping_status":"closed","template":"elementor_canvas","meta":{"_monsterinsights_skip_tracking":false,"_monsterinsights_sitenote_active":false,"_monsterinsights_sitenote_note":"","_monsterinsights_sitenote_category":0,"footnotes":""},"class_list":["post-1106","page","type-page","status-publish","hentry"],"yoast_head":"<!-- This site is optimized with the Yoast SEO plugin v27.3 - https:\/\/yoast.com\/product\/yoast-seo-wordpress\/ -->\n<title>Z\u00fcchterportrait Cornelia Koidl - kleintierzuchtverein-v11.com<\/title>\n<meta name=\"robots\" content=\"index, follow, max-snippet:-1, max-image-preview:large, max-video-preview:-1\" \/>\n<link rel=\"canonical\" href=\"https:\/\/kleintierzuchtverein-v11.com\/?page_id=1106\" \/>\n<meta property=\"og:locale\" content=\"de_DE\" \/>\n<meta property=\"og:type\" content=\"article\" \/>\n<meta property=\"og:title\" content=\"Z\u00fcchterportrait Cornelia Koidl - kleintierzuchtverein-v11.com\" \/>\n<meta property=\"og:description\" content=\"Z\u00fcchterportrait V11 Cornelia Koidl Mitglied seit 20.07.2007 Schriftf\u00fchrerin seit: April 2014 Bereits von Kindesbeinen an spielte die Rassekaninchenzucht in meinem Leben eine gro\u00dfe Rolle. Mein Opa war als Gr\u00fcndungsmitglied des Vereins V11 Bludenz selbst begeisterter Kaninchenz\u00fcchter. So hatte ich bereits als kleines Kind ein Kaninchen im Stall, das ich selber f\u00fcttern und pflegen durfte \u2013 damals noch die Rasse Hotot. Mit der Zeit musste mein Opa aus Altersgr\u00fcnden die Zucht aufgeben. Die Erinnerungen jedoch blieben und die gewonnen Preise und Dokumente sind nach wie vor \u00fcberall im Haus zu finden. So kam es, dass mir eines Tages im Alter von 15 Jahren der Rasse-Standard in die H\u00e4nde fiel. Ich bl\u00e4tterte durch und verliebte mich auf Anhieb in die Rasse Kleinsilber gelb. Zwei Jahre sp\u00e4ter \u2013 im Jahr 2007 \u2013 wurde mein Wunsch erf\u00fcllt ich durfte mein erstes Kaninchen-Paar (organisiert von Alfred R\u00fctzler) unter dem Weihnachstbaum \u201eauspacken\u201c. Aller Anfang ist schwer, doch dank der hervorragenden Betreuung unseres Zuchtwarts Martin Wachter und der guten Unterst\u00fctzung meiner Eltern stellten sich schon bald die ersten Erfolge ein. Seit April 2014 bin ich Schriftf\u00fchrerin im Verein und f\u00fchre diese Funktion mit Begeisterung aus. Landesmeister: 2010 , 2014 Vize-Landesmeister: 2013 Vize-Vereinsmeister: 2013\" \/>\n<meta property=\"og:url\" content=\"https:\/\/kleintierzuchtverein-v11.com\/?page_id=1106\" \/>\n<meta property=\"og:site_name\" content=\"kleintierzuchtverein-v11.com\" \/>\n<meta property=\"article:modified_time\" content=\"2023-05-21T12:11:05+00:00\" \/>\n<meta property=\"og:image\" content=\"http:\/\/kleintierzuchtverein-v11.com\/wp-content\/uploads\/2023\/05\/IMG_0635-768x574.jpg\" \/>\n<meta name=\"twitter:card\" content=\"summary_large_image\" \/>\n<meta name=\"twitter:label1\" content=\"Gesch\u00e4tzte Lesezeit\" \/>\n\t<meta name=\"twitter:data1\" content=\"1\u00a0Minute\" \/>\n<script type=\"application\/ld+json\" class=\"yoast-schema-graph\">{\"@context\":\"https:\\\/\\\/schema.org\",\"@graph\":[{\"@type\":\"WebPage\",\"@id\":\"https:\\\/\\\/kleintierzuchtverein-v11.com\\\/?page_id=1106\",\"url\":\"https:\\\/\\\/kleintierzuchtverein-v11.com\\\/?page_id=1106\",\"name\":\"Z\u00fcchterportrait Cornelia Koidl - kleintierzuchtverein-v11.com\",\"isPartOf\":{\"@id\":\"https:\\\/\\\/kleintierzuchtverein-v11.com\\\/#website\"},\"primaryImageOfPage\":{\"@id\":\"https:\\\/\\\/kleintierzuchtverein-v11.com\\\/?page_id=1106#primaryimage\"},\"image\":{\"@id\":\"https:\\\/\\\/kleintierzuchtverein-v11.com\\\/?page_id=1106#primaryimage\"},\"thumbnailUrl\":\"http:\\\/\\\/kleintierzuchtverein-v11.com\\\/wp-content\\\/uploads\\\/2023\\\/05\\\/IMG_0635-768x574.jpg\",\"datePublished\":\"2023-05-21T12:11:04+00:00\",\"dateModified\":\"2023-05-21T12:11:05+00:00\",\"breadcrumb\":{\"@id\":\"https:\\\/\\\/kleintierzuchtverein-v11.com\\\/?page_id=1106#breadcrumb\"},\"inLanguage\":\"de\",\"potentialAction\":[{\"@type\":\"ReadAction\",\"target\":[\"https:\\\/\\\/kleintierzuchtverein-v11.com\\\/?page_id=1106\"]}]},{\"@type\":\"ImageObject\",\"inLanguage\":\"de\",\"@id\":\"https:\\\/\\\/kleintierzuchtverein-v11.com\\\/?page_id=1106#primaryimage\",\"url\":\"http:\\\/\\\/kleintierzuchtverein-v11.com\\\/wp-content\\\/uploads\\\/2023\\\/05\\\/IMG_0635-768x574.jpg\",\"contentUrl\":\"http:\\\/\\\/kleintierzuchtverein-v11.com\\\/wp-content\\\/uploads\\\/2023\\\/05\\\/IMG_0635-768x574.jpg\"},{\"@type\":\"BreadcrumbList\",\"@id\":\"https:\\\/\\\/kleintierzuchtverein-v11.com\\\/?page_id=1106#breadcrumb\",\"itemListElement\":[{\"@type\":\"ListItem\",\"position\":1,\"name\":\"Startseite\",\"item\":\"https:\\\/\\\/kleintierzuchtverein-v11.com\\\/\"},{\"@type\":\"ListItem\",\"position\":2,\"name\":\"Z\u00fcchterportrait Cornelia Koidl\"}]},{\"@type\":\"WebSite\",\"@id\":\"https:\\\/\\\/kleintierzuchtverein-v11.com\\\/#website\",\"url\":\"https:\\\/\\\/kleintierzuchtverein-v11.com\\\/\",\"name\":\"kleintierzuchtverein-v11.com\",\"description\":\"Eine weiter WordPress-Webseite\",\"publisher\":{\"@id\":\"https:\\\/\\\/kleintierzuchtverein-v11.com\\\/#organization\"},\"potentialAction\":[{\"@type\":\"SearchAction\",\"target\":{\"@type\":\"EntryPoint\",\"urlTemplate\":\"https:\\\/\\\/kleintierzuchtverein-v11.com\\\/?s={search_term_string}\"},\"query-input\":{\"@type\":\"PropertyValueSpecification\",\"valueRequired\":true,\"valueName\":\"search_term_string\"}}],\"inLanguage\":\"de\"},{\"@type\":\"Organization\",\"@id\":\"https:\\\/\\\/kleintierzuchtverein-v11.com\\\/#organization\",\"name\":\"Rassenkleintierzuchtverein V11 Bludenz und 1. \u00d6sterreichischer Riesenclub\",\"url\":\"https:\\\/\\\/kleintierzuchtverein-v11.com\\\/\",\"logo\":{\"@type\":\"ImageObject\",\"inLanguage\":\"de\",\"@id\":\"https:\\\/\\\/kleintierzuchtverein-v11.com\\\/#\\\/schema\\\/logo\\\/image\\\/\",\"url\":\"https:\\\/\\\/kleintierzuchtverein-v11.com\\\/wp-content\\\/uploads\\\/2023\\\/05\\\/cropped-Bild1.png\",\"contentUrl\":\"https:\\\/\\\/kleintierzuchtverein-v11.com\\\/wp-content\\\/uploads\\\/2023\\\/05\\\/cropped-Bild1.png\",\"width\":2366,\"height\":829,\"caption\":\"Rassenkleintierzuchtverein V11 Bludenz und 1. \u00d6sterreichischer Riesenclub\"},\"image\":{\"@id\":\"https:\\\/\\\/kleintierzuchtverein-v11.com\\\/#\\\/schema\\\/logo\\\/image\\\/\"}}]}<\/script>\n<!-- \/ Yoast SEO plugin. -->","yoast_head_json":{"title":"Z\u00fcchterportrait Cornelia Koidl - kleintierzuchtverein-v11.com","robots":{"index":"index","follow":"follow","max-snippet":"max-snippet:-1","max-image-preview":"max-image-preview:large","max-video-preview":"max-video-preview:-1"},"canonical":"https:\/\/kleintierzuchtverein-v11.com\/?page_id=1106","og_locale":"de_DE","og_type":"article","og_title":"Z\u00fcchterportrait Cornelia Koidl - kleintierzuchtverein-v11.com","og_description":"Z\u00fcchterportrait V11 Cornelia Koidl Mitglied seit 20.07.2007 Schriftf\u00fchrerin seit: April 2014 Bereits von Kindesbeinen an spielte die Rassekaninchenzucht in meinem Leben eine gro\u00dfe Rolle. Mein Opa war als Gr\u00fcndungsmitglied des Vereins V11 Bludenz selbst begeisterter Kaninchenz\u00fcchter. So hatte ich bereits als kleines Kind ein Kaninchen im Stall, das ich selber f\u00fcttern und pflegen durfte \u2013 damals noch die Rasse Hotot. Mit der Zeit musste mein Opa aus Altersgr\u00fcnden die Zucht aufgeben. Die Erinnerungen jedoch blieben und die gewonnen Preise und Dokumente sind nach wie vor \u00fcberall im Haus zu finden. So kam es, dass mir eines Tages im Alter von 15 Jahren der Rasse-Standard in die H\u00e4nde fiel. Ich bl\u00e4tterte durch und verliebte mich auf Anhieb in die Rasse Kleinsilber gelb. Zwei Jahre sp\u00e4ter \u2013 im Jahr 2007 \u2013 wurde mein Wunsch erf\u00fcllt ich durfte mein erstes Kaninchen-Paar (organisiert von Alfred R\u00fctzler) unter dem Weihnachstbaum \u201eauspacken\u201c. Aller Anfang ist schwer, doch dank der hervorragenden Betreuung unseres Zuchtwarts Martin Wachter und der guten Unterst\u00fctzung meiner Eltern stellten sich schon bald die ersten Erfolge ein. Seit April 2014 bin ich Schriftf\u00fchrerin im Verein und f\u00fchre diese Funktion mit Begeisterung aus. Landesmeister: 2010 , 2014 Vize-Landesmeister: 2013 Vize-Vereinsmeister: 2013","og_url":"https:\/\/kleintierzuchtverein-v11.com\/?page_id=1106","og_site_name":"kleintierzuchtverein-v11.com","article_modified_time":"2023-05-21T12:11:05+00:00","og_image":[{"url":"http:\/\/kleintierzuchtverein-v11.com\/wp-content\/uploads\/2023\/05\/IMG_0635-768x574.jpg","type":"","width":"","height":""}],"twitter_card":"summary_large_image","twitter_misc":{"Gesch\u00e4tzte Lesezeit":"1\u00a0Minute"},"schema":{"@context":"https:\/\/schema.org","@graph":[{"@type":"WebPage","@id":"https:\/\/kleintierzuchtverein-v11.com\/?page_id=1106","url":"https:\/\/kleintierzuchtverein-v11.com\/?page_id=1106","name":"Z\u00fcchterportrait Cornelia Koidl - kleintierzuchtverein-v11.com","isPartOf":{"@id":"https:\/\/kleintierzuchtverein-v11.com\/#website"},"primaryImageOfPage":{"@id":"https:\/\/kleintierzuchtverein-v11.com\/?page_id=1106#primaryimage"},"image":{"@id":"https:\/\/kleintierzuchtverein-v11.com\/?page_id=1106#primaryimage"},"thumbnailUrl":"http:\/\/kleintierzuchtverein-v11.com\/wp-content\/uploads\/2023\/05\/IMG_0635-768x574.jpg","datePublished":"2023-05-21T12:11:04+00:00","dateModified":"2023-05-21T12:11:05+00:00","breadcrumb":{"@id":"https:\/\/kleintierzuchtverein-v11.com\/?page_id=1106#breadcrumb"},"inLanguage":"de","potentialAction":[{"@type":"ReadAction","target":["https:\/\/kleintierzuchtverein-v11.com\/?page_id=1106"]}]},{"@type":"ImageObject","inLanguage":"de","@id":"https:\/\/kleintierzuchtverein-v11.com\/?page_id=1106#primaryimage","url":"http:\/\/kleintierzuchtverein-v11.com\/wp-content\/uploads\/2023\/05\/IMG_0635-768x574.jpg","contentUrl":"http:\/\/kleintierzuchtverein-v11.com\/wp-content\/uploads\/2023\/05\/IMG_0635-768x574.jpg"},{"@type":"BreadcrumbList","@id":"https:\/\/kleintierzuchtverein-v11.com\/?page_id=1106#breadcrumb","itemListElement":[{"@type":"ListItem","position":1,"name":"Startseite","item":"https:\/\/kleintierzuchtverein-v11.com\/"},{"@type":"ListItem","position":2,"name":"Z\u00fcchterportrait Cornelia Koidl"}]},{"@type":"WebSite","@id":"https:\/\/kleintierzuchtverein-v11.com\/#website","url":"https:\/\/kleintierzuchtverein-v11.com\/","name":"kleintierzuchtverein-v11.com","description":"Eine weiter WordPress-Webseite","publisher":{"@id":"https:\/\/kleintierzuchtverein-v11.com\/#organization"},"potentialAction":[{"@type":"SearchAction","target":{"@type":"EntryPoint","urlTemplate":"https:\/\/kleintierzuchtverein-v11.com\/?s={search_term_string}"},"query-input":{"@type":"PropertyValueSpecification","valueRequired":true,"valueName":"search_term_string"}}],"inLanguage":"de"},{"@type":"Organization","@id":"https:\/\/kleintierzuchtverein-v11.com\/#organization","name":"Rassenkleintierzuchtverein V11 Bludenz und 1. \u00d6sterreichischer Riesenclub","url":"https:\/\/kleintierzuchtverein-v11.com\/","logo":{"@type":"ImageObject","inLanguage":"de","@id":"https:\/\/kleintierzuchtverein-v11.com\/#\/schema\/logo\/image\/","url":"https:\/\/kleintierzuchtverein-v11.com\/wp-content\/uploads\/2023\/05\/cropped-Bild1.png","contentUrl":"https:\/\/kleintierzuchtverein-v11.com\/wp-content\/uploads\/2023\/05\/cropped-Bild1.png","width":2366,"height":829,"caption":"Rassenkleintierzuchtverein V11 Bludenz und 1. \u00d6sterreichischer Riesenclub"},"image":{"@id":"https:\/\/kleintierzuchtverein-v11.com\/#\/schema\/logo\/image\/"}}]}},"_links":{"self":[{"href":"https:\/\/kleintierzuchtverein-v11.com\/index.php?rest_route=\/wp\/v2\/pages\/1106","targetHints":{"allow":["GET"]}}],"collection":[{"href":"https:\/\/kleintierzuchtverein-v11.com\/index.php?rest_route=\/wp\/v2\/pages"}],"about":[{"href":"https:\/\/kleintierzuchtverein-v11.com\/index.php?rest_route=\/wp\/v2\/types\/page"}],"author":[{"embeddable":true,"href":"https:\/\/kleintierzuchtverein-v11.com\/index.php?rest_route=\/wp\/v2\/users\/1"}],"replies":[{"embeddable":true,"href":"https:\/\/kleintierzuchtverein-v11.com\/index.php?rest_route=%2Fwp%2Fv2%2Fcomments&post=1106"}],"version-history":[{"count":5,"href":"https:\/\/kleintierzuchtverein-v11.com\/index.php?rest_route=\/wp\/v2\/pages\/1106\/revisions"}],"predecessor-version":[{"id":1477,"href":"https:\/\/kleintierzuchtverein-v11.com\/index.php?rest_route=\/wp\/v2\/pages\/1106\/revisions\/1477"}],"wp:attachment":[{"href":"https:\/\/kleintierzuchtverein-v11.com\/index.php?rest_route=%2Fwp%2Fv2%2Fmedia&parent=1106"}],"curies":[{"name":"wp","href":"https:\/\/api.w.org\/{rel}","templated":true}]}}