{"id":1388,"date":"2023-05-21T14:02:33","date_gmt":"2023-05-21T12:02:33","guid":{"rendered":"https:\/\/kleintierzuchtverein-v11.com\/?page_id=1388"},"modified":"2026-03-12T18:42:28","modified_gmt":"2026-03-12T17:42:28","slug":"https-kleintierzuchtverein-v11-com-page_id1388","status":"publish","type":"page","link":"https:\/\/kleintierzuchtverein-v11.com\/?page_id=1388","title":{"rendered":"Landing Page Riesenclub"},"content":{"rendered":"\t\t<div data-elementor-type=\"wp-page\" data-elementor-id=\"1388\" class=\"elementor elementor-1388\">\n\t\t\t\t\t\t<section class=\"elementor-section elementor-top-section elementor-element elementor-element-ed2dd09 elementor-section-height-min-height elementor-section-content-middle elementor-section-stretched elementor-section-boxed elementor-section-height-default elementor-section-items-middle wpr-particle-no wpr-jarallax-no wpr-parallax-no wpr-sticky-section-no wpr-equal-height-no\" data-id=\"ed2dd09\" data-element_type=\"section\" data-e-type=\"section\" data-settings=\"{&quot;background_background&quot;:&quot;classic&quot;,&quot;stretch_section&quot;:&quot;section-stretched&quot;}\">\n\t\t\t\t\t\t\t<div class=\"elementor-background-overlay\"><\/div>\n\t\t\t\t\t\t\t<div class=\"elementor-container elementor-column-gap-no\">\n\t\t\t\t\t<div class=\"elementor-column elementor-col-100 elementor-top-column elementor-element elementor-element-1991051d\" data-id=\"1991051d\" data-element_type=\"column\" data-e-type=\"column\" data-settings=\"{&quot;background_background&quot;:&quot;classic&quot;}\">\n\t\t\t<div class=\"elementor-widget-wrap elementor-element-populated\">\n\t\t\t\t\t<div class=\"elementor-background-overlay\"><\/div>\n\t\t\t\t\t\t<div class=\"elementor-element elementor-element-750d0e1f elementor-invisible elementor-widget elementor-widget-heading\" data-id=\"750d0e1f\" data-element_type=\"widget\" data-e-type=\"widget\" data-settings=\"{&quot;_animation&quot;:&quot;fadeIn&quot;}\" data-widget_type=\"heading.default\">\n\t\t\t\t<div class=\"elementor-widget-container\">\n\t\t\t\t\t<h2 class=\"elementor-heading-title elementor-size-default\">Herzlich Willkommen beim<\/h2>\t\t\t\t<\/div>\n\t\t\t\t<\/div>\n\t\t\t\t<div class=\"elementor-element elementor-element-2bcec127 elementor-widget__width-initial animated-slow elementor-invisible elementor-widget elementor-widget-heading\" data-id=\"2bcec127\" data-element_type=\"widget\" data-e-type=\"widget\" data-settings=\"{&quot;_animation&quot;:&quot;fadeIn&quot;,&quot;_animation_delay&quot;:600}\" data-widget_type=\"heading.default\">\n\t\t\t\t<div class=\"elementor-widget-container\">\n\t\t\t\t\t<h1 class=\"elementor-heading-title elementor-size-default\">1. \u00d6sterreichischen Riesenclub<\/h1>\t\t\t\t<\/div>\n\t\t\t\t<\/div>\n\t\t\t\t<div class=\"elementor-element elementor-element-01ea08c elementor-widget elementor-widget-spacer\" data-id=\"01ea08c\" data-element_type=\"widget\" data-e-type=\"widget\" data-widget_type=\"spacer.default\">\n\t\t\t\t<div class=\"elementor-widget-container\">\n\t\t\t\t\t\t\t<div class=\"elementor-spacer\">\n\t\t\t<div class=\"elementor-spacer-inner\"><\/div>\n\t\t<\/div>\n\t\t\t\t\t\t<\/div>\n\t\t\t\t<\/div>\n\t\t\t\t<div class=\"elementor-element elementor-element-4b913cb elementor-invisible elementor-widget elementor-widget-image\" data-id=\"4b913cb\" data-element_type=\"widget\" data-e-type=\"widget\" data-settings=\"{&quot;_animation&quot;:&quot;fadeIn&quot;,&quot;_animation_delay&quot;:800}\" data-widget_type=\"image.default\">\n\t\t\t\t<div class=\"elementor-widget-container\">\n\t\t\t\t\t\t\t\t\t\t\t\t\t\t\t<img decoding=\"async\" width=\"256\" height=\"194\" src=\"https:\/\/kleintierzuchtverein-v11.com\/wp-content\/uploads\/2023\/05\/01-2.jpg\" class=\"attachment-full size-full wp-image-1390\" alt=\"\" \/>\t\t\t\t\t\t\t\t\t\t\t\t\t\t\t<\/div>\n\t\t\t\t<\/div>\n\t\t\t\t<div class=\"elementor-element elementor-element-57c3618 animated-slow elementor-invisible elementor-widget elementor-widget-text-editor\" data-id=\"57c3618\" data-element_type=\"widget\" data-e-type=\"widget\" data-settings=\"{&quot;_animation&quot;:&quot;bounceInRight&quot;,&quot;_animation_delay&quot;:900}\" data-widget_type=\"text-editor.default\">\n\t\t\t\t<div class=\"elementor-widget-container\">\n\t\t\t\t\t\t\t\t\t<p>Aktuell: Club &#8211; Jahreshauptversammlung am 25.04.2026<\/p>\t\t\t\t\t\t\t\t<\/div>\n\t\t\t\t<\/div>\n\t\t\t\t<section class=\"elementor-section elementor-inner-section elementor-element elementor-element-ae7fa0a elementor-section-boxed elementor-section-height-default elementor-section-height-default wpr-particle-no wpr-jarallax-no wpr-parallax-no wpr-sticky-section-no wpr-equal-height-no elementor-invisible\" data-id=\"ae7fa0a\" data-element_type=\"section\" data-e-type=\"section\" data-settings=\"{&quot;animation&quot;:&quot;fadeIn&quot;,&quot;animation_delay&quot;:2000}\">\n\t\t\t\t\t\t<div class=\"elementor-container elementor-column-gap-default\">\n\t\t\t\t\t<div class=\"elementor-column elementor-col-100 elementor-inner-column elementor-element elementor-element-4c490b0\" data-id=\"4c490b0\" data-element_type=\"column\" data-e-type=\"column\">\n\t\t\t<div class=\"elementor-widget-wrap elementor-element-populated\">\n\t\t\t\t\t\t<div class=\"elementor-element elementor-element-590f9af9 elementor-invisible elementor-widget elementor-widget-heading\" data-id=\"590f9af9\" data-element_type=\"widget\" data-e-type=\"widget\" data-settings=\"{&quot;_animation&quot;:&quot;fadeIn&quot;,&quot;_animation_delay&quot;:1000}\" data-widget_type=\"heading.default\">\n\t\t\t\t<div class=\"elementor-widget-container\">\n\t\t\t\t\t<h2 class=\"elementor-heading-title elementor-size-default\">Erfahren Sie mehr \u00fcber:<\/h2>\t\t\t\t<\/div>\n\t\t\t\t<\/div>\n\t\t\t\t\t<\/div>\n\t\t<\/div>\n\t\t\t\t\t<\/div>\n\t\t<\/section>\n\t\t\t\t<div class=\"elementor-element elementor-element-18d1981 elementor-widget elementor-widget-spacer\" data-id=\"18d1981\" data-element_type=\"widget\" data-e-type=\"widget\" data-widget_type=\"spacer.default\">\n\t\t\t\t<div class=\"elementor-widget-container\">\n\t\t\t\t\t\t\t<div class=\"elementor-spacer\">\n\t\t\t<div class=\"elementor-spacer-inner\"><\/div>\n\t\t<\/div>\n\t\t\t\t\t\t<\/div>\n\t\t\t\t<\/div>\n\t\t\t\t<section class=\"elementor-section elementor-inner-section elementor-element elementor-element-bf6eee5 elementor-section-boxed elementor-section-height-default elementor-section-height-default wpr-particle-no wpr-jarallax-no wpr-parallax-no wpr-sticky-section-no wpr-equal-height-no elementor-invisible\" data-id=\"bf6eee5\" data-element_type=\"section\" data-e-type=\"section\" data-settings=\"{&quot;animation&quot;:&quot;fadeIn&quot;,&quot;animation_delay&quot;:2500}\">\n\t\t\t\t\t\t<div class=\"elementor-container elementor-column-gap-default\">\n\t\t\t\t\t<div class=\"elementor-column elementor-col-50 elementor-inner-column elementor-element elementor-element-706feff\" data-id=\"706feff\" data-element_type=\"column\" data-e-type=\"column\">\n\t\t\t<div class=\"elementor-widget-wrap elementor-element-populated\">\n\t\t\t\t\t\t<div class=\"elementor-element elementor-element-81f351f wpr-feature-list-center Grow wpr-feature-list-align-center wpr-feature-list-square elementor-widget elementor-widget-wpr-feature-list\" data-id=\"81f351f\" data-element_type=\"widget\" data-e-type=\"widget\" id=\"1\" data-widget_type=\"wpr-feature-list.default\">\n\t\t\t\t<div class=\"elementor-widget-container\">\n\t\t\t\t\t<div class=\"wpr-feature-list-wrap\"><ul class=\"wpr-feature-list\"><li class=\"wpr-feature-list-item elementor-repeater-item-73f105e\"><div class=\"wpr-feature-list-icon-wrap\"><span class=\"wpr-feature-list-line\"><\/span><div class=\"wpr-feature-list-icon-inner-wrap\"><i aria-hidden=\"true\" class=\"fas fa-question\"><\/i><\/div><\/div><div class=\"wpr-feature-list-content-wrap\"><h2 class=\"wpr-feature-list-title\"><a class=\"wpr-feature-list-url\" href=\"https:\/\/kleintierzuchtverein-v11.com\/?page_id=1059\" target=\"_blank\" rel=\"nofollow\">Chronik<\/a><\/h2><p class=\"wpr-feature-list-description\">Wer sind wir und was ist unsere Geschichte?<\/p><\/div><\/li><\/ul><\/div>\t\t\t\t<\/div>\n\t\t\t\t<\/div>\n\t\t\t\t<div class=\"elementor-element elementor-element-0f93528 wpr-feature-list-center Grow wpr-feature-list-align-center wpr-feature-list-square elementor-widget elementor-widget-wpr-feature-list\" data-id=\"0f93528\" data-element_type=\"widget\" data-e-type=\"widget\" data-widget_type=\"wpr-feature-list.default\">\n\t\t\t\t<div class=\"elementor-widget-container\">\n\t\t\t\t\t<div class=\"wpr-feature-list-wrap\"><ul class=\"wpr-feature-list\"><li class=\"wpr-feature-list-item elementor-repeater-item-4734f41\"><div class=\"wpr-feature-list-icon-wrap\"><span class=\"wpr-feature-list-line\"><\/span><div class=\"wpr-feature-list-icon-inner-wrap\"><i aria-hidden=\"true\" class=\"far fa-calendar-alt\"><\/i><\/div><\/div><div class=\"wpr-feature-list-content-wrap\"><h2 class=\"wpr-feature-list-title\"><a class=\"wpr-feature-list-url\" href=\"https:\/\/kleintierzuchtverein-v11.com\/?page_id=1153\" target=\"_blank\" rel=\"nofollow\">Veranstaltungen<\/a><\/h2><p class=\"wpr-feature-list-description\">Bei welchen Veranstaltungen waren wir vertreten?<\/p><\/div><\/li><\/ul><\/div>\t\t\t\t<\/div>\n\t\t\t\t<\/div>\n\t\t\t\t\t<\/div>\n\t\t<\/div>\n\t\t\t\t<div class=\"elementor-column elementor-col-50 elementor-inner-column elementor-element elementor-element-6b5368e\" data-id=\"6b5368e\" data-element_type=\"column\" data-e-type=\"column\">\n\t\t\t<div class=\"elementor-widget-wrap elementor-element-populated\">\n\t\t\t\t\t\t<div class=\"elementor-element elementor-element-c6f911c wpr-feature-list-center Grow wpr-feature-list-align-center wpr-feature-list-square elementor-widget elementor-widget-wpr-feature-list\" data-id=\"c6f911c\" data-element_type=\"widget\" data-e-type=\"widget\" data-widget_type=\"wpr-feature-list.default\">\n\t\t\t\t<div class=\"elementor-widget-container\">\n\t\t\t\t\t<div class=\"wpr-feature-list-wrap\"><ul class=\"wpr-feature-list\"><li class=\"wpr-feature-list-item elementor-repeater-item-165097c\"><div class=\"wpr-feature-list-icon-wrap\"><span class=\"wpr-feature-list-line\"><\/span><div class=\"wpr-feature-list-icon-inner-wrap\"><i aria-hidden=\"true\" class=\"far fa-handshake\"><\/i><\/div><\/div><div class=\"wpr-feature-list-content-wrap\"><h2 class=\"wpr-feature-list-title\"><a class=\"wpr-feature-list-url\" href=\"https:\/\/kleintierzuchtverein-v11.com\/?page_id=442\" target=\"_blank\" rel=\"nofollow\">Mitglieder<\/a><\/h2><p class=\"wpr-feature-list-description\">Wer geh\u00f6rt zu unserem Verein?<\/p><\/div><\/li><\/ul><\/div>\t\t\t\t<\/div>\n\t\t\t\t<\/div>\n\t\t\t\t<div class=\"elementor-element elementor-element-155c13d wpr-feature-list-center Grow wpr-feature-list-align-center wpr-feature-list-square elementor-widget elementor-widget-wpr-feature-list\" data-id=\"155c13d\" data-element_type=\"widget\" data-e-type=\"widget\" data-widget_type=\"wpr-feature-list.default\">\n\t\t\t\t<div class=\"elementor-widget-container\">\n\t\t\t\t\t<div class=\"wpr-feature-list-wrap\"><ul class=\"wpr-feature-list\"><li class=\"wpr-feature-list-item elementor-repeater-item-71f5be2\"><div class=\"wpr-feature-list-icon-wrap\"><span class=\"wpr-feature-list-line\"><\/span><div class=\"wpr-feature-list-icon-inner-wrap\"><i aria-hidden=\"true\" class=\"fas fa-mail-bulk\"><\/i><\/div><\/div><div class=\"wpr-feature-list-content-wrap\"><h2 class=\"wpr-feature-list-title\"><a class=\"wpr-feature-list-url\" href=\"https:\/\/kleintierzuchtverein-v11.com\/?page_id=1322\" target=\"_blank\" rel=\"nofollow\">Kontakt<\/a><\/h2><p class=\"wpr-feature-list-description\">Kontaktieren Sie uns!<\/p><\/div><\/li><\/ul><\/div>\t\t\t\t<\/div>\n\t\t\t\t<\/div>\n\t\t\t\t\t<\/div>\n\t\t<\/div>\n\t\t\t\t\t<\/div>\n\t\t<\/section>\n\t\t\t\t\t<\/div>\n\t\t<\/div>\n\t\t\t\t\t<\/div>\n\t\t<\/section>\n\t\t\t\t<\/div>\n\t\t","protected":false},"excerpt":{"rendered":"<p>Herzlich Willkommen beim 1. \u00d6sterreichischen Riesenclub Aktuell: Club &#8211; Jahreshauptversammlung am 25.04.2026 Erfahren Sie mehr \u00fcber: Chronik Wer sind wir und was ist unsere Geschichte? Veranstaltungen Bei welchen Veranstaltungen waren wir vertreten? Mitglieder Wer geh\u00f6rt zu unserem Verein? Kontakt Kontaktieren Sie uns!<\/p>\n","protected":false},"author":1,"featured_media":0,"parent":0,"menu_order":0,"comment_status":"closed","ping_status":"closed","template":"elementor_canvas","meta":{"_monsterinsights_skip_tracking":false,"_monsterinsights_sitenote_active":false,"_monsterinsights_sitenote_note":"","_monsterinsights_sitenote_category":0,"footnotes":""},"class_list":["post-1388","page","type-page","status-publish","hentry"],"yoast_head":"<!-- This site is optimized with the Yoast SEO plugin v27.5 - https:\/\/yoast.com\/product\/yoast-seo-wordpress\/ -->\n<title>1. \u00d6sterreichischer Riesenclub<\/title>\n<meta name=\"description\" content=\"Erfahren Sie mehr \u00fcber den 1. \u00d6sterreichischen Riesenclub! Wer sind wir, was machen wir und wo sind wir vertreten?\" \/>\n<meta name=\"robots\" content=\"index, follow, max-snippet:-1, max-image-preview:large, max-video-preview:-1\" \/>\n<link rel=\"canonical\" href=\"https:\/\/kleintierzuchtverein-v11.com\/?page_id=1388\" \/>\n<meta property=\"og:locale\" content=\"de_DE\" \/>\n<meta property=\"og:type\" content=\"article\" \/>\n<meta property=\"og:title\" content=\"1. \u00d6sterreichischer Riesenclub\" \/>\n<meta property=\"og:description\" content=\"Erfahren Sie mehr \u00fcber den 1. \u00d6sterreichischen Riesenclub! Wer sind wir, was machen wir und wo sind wir vertreten?\" \/>\n<meta property=\"og:url\" content=\"https:\/\/kleintierzuchtverein-v11.com\/?page_id=1388\" \/>\n<meta property=\"og:site_name\" content=\"kleintierzuchtverein-v11.com\" \/>\n<meta property=\"article:modified_time\" content=\"2026-03-12T17:42:28+00:00\" \/>\n<meta property=\"og:image\" content=\"https:\/\/kleintierzuchtverein-v11.com\/wp-content\/uploads\/2023\/05\/01-2.jpg\" \/>\n\t<meta property=\"og:image:width\" content=\"256\" \/>\n\t<meta property=\"og:image:height\" content=\"194\" \/>\n\t<meta property=\"og:image:type\" content=\"image\/jpeg\" \/>\n<meta name=\"twitter:card\" content=\"summary_large_image\" \/>\n<meta name=\"twitter:label1\" content=\"Gesch\u00e4tzte Lesezeit\" \/>\n\t<meta name=\"twitter:data1\" content=\"1\u00a0Minute\" \/>\n<script type=\"application\/ld+json\" class=\"yoast-schema-graph\">{\"@context\":\"https:\\\/\\\/schema.org\",\"@graph\":[{\"@type\":\"WebPage\",\"@id\":\"https:\\\/\\\/kleintierzuchtverein-v11.com\\\/?page_id=1388\",\"url\":\"https:\\\/\\\/kleintierzuchtverein-v11.com\\\/?page_id=1388\",\"name\":\"1. \u00d6sterreichischer Riesenclub\",\"isPartOf\":{\"@id\":\"https:\\\/\\\/kleintierzuchtverein-v11.com\\\/#website\"},\"primaryImageOfPage\":{\"@id\":\"https:\\\/\\\/kleintierzuchtverein-v11.com\\\/?page_id=1388#primaryimage\"},\"image\":{\"@id\":\"https:\\\/\\\/kleintierzuchtverein-v11.com\\\/?page_id=1388#primaryimage\"},\"thumbnailUrl\":\"https:\\\/\\\/kleintierzuchtverein-v11.com\\\/wp-content\\\/uploads\\\/2023\\\/05\\\/01-2.jpg\",\"datePublished\":\"2023-05-21T12:02:33+00:00\",\"dateModified\":\"2026-03-12T17:42:28+00:00\",\"description\":\"Erfahren Sie mehr \u00fcber den 1. \u00d6sterreichischen Riesenclub! Wer sind wir, was machen wir und wo sind wir vertreten?\",\"breadcrumb\":{\"@id\":\"https:\\\/\\\/kleintierzuchtverein-v11.com\\\/?page_id=1388#breadcrumb\"},\"inLanguage\":\"de\",\"potentialAction\":[{\"@type\":\"ReadAction\",\"target\":[\"https:\\\/\\\/kleintierzuchtverein-v11.com\\\/?page_id=1388\"]}]},{\"@type\":\"ImageObject\",\"inLanguage\":\"de\",\"@id\":\"https:\\\/\\\/kleintierzuchtverein-v11.com\\\/?page_id=1388#primaryimage\",\"url\":\"https:\\\/\\\/kleintierzuchtverein-v11.com\\\/wp-content\\\/uploads\\\/2023\\\/05\\\/01-2.jpg\",\"contentUrl\":\"https:\\\/\\\/kleintierzuchtverein-v11.com\\\/wp-content\\\/uploads\\\/2023\\\/05\\\/01-2.jpg\",\"width\":256,\"height\":194},{\"@type\":\"BreadcrumbList\",\"@id\":\"https:\\\/\\\/kleintierzuchtverein-v11.com\\\/?page_id=1388#breadcrumb\",\"itemListElement\":[{\"@type\":\"ListItem\",\"position\":1,\"name\":\"Startseite\",\"item\":\"https:\\\/\\\/kleintierzuchtverein-v11.com\\\/\"},{\"@type\":\"ListItem\",\"position\":2,\"name\":\"Landing Page Riesenclub\"}]},{\"@type\":\"WebSite\",\"@id\":\"https:\\\/\\\/kleintierzuchtverein-v11.com\\\/#website\",\"url\":\"https:\\\/\\\/kleintierzuchtverein-v11.com\\\/\",\"name\":\"kleintierzuchtverein-v11.com\",\"description\":\"Eine weiter WordPress-Webseite\",\"publisher\":{\"@id\":\"https:\\\/\\\/kleintierzuchtverein-v11.com\\\/#organization\"},\"potentialAction\":[{\"@type\":\"SearchAction\",\"target\":{\"@type\":\"EntryPoint\",\"urlTemplate\":\"https:\\\/\\\/kleintierzuchtverein-v11.com\\\/?s={search_term_string}\"},\"query-input\":{\"@type\":\"PropertyValueSpecification\",\"valueRequired\":true,\"valueName\":\"search_term_string\"}}],\"inLanguage\":\"de\"},{\"@type\":\"Organization\",\"@id\":\"https:\\\/\\\/kleintierzuchtverein-v11.com\\\/#organization\",\"name\":\"Rassenkleintierzuchtverein V11 Bludenz und 1. \u00d6sterreichischer Riesenclub\",\"url\":\"https:\\\/\\\/kleintierzuchtverein-v11.com\\\/\",\"logo\":{\"@type\":\"ImageObject\",\"inLanguage\":\"de\",\"@id\":\"https:\\\/\\\/kleintierzuchtverein-v11.com\\\/#\\\/schema\\\/logo\\\/image\\\/\",\"url\":\"https:\\\/\\\/kleintierzuchtverein-v11.com\\\/wp-content\\\/uploads\\\/2023\\\/05\\\/cropped-Bild1.png\",\"contentUrl\":\"https:\\\/\\\/kleintierzuchtverein-v11.com\\\/wp-content\\\/uploads\\\/2023\\\/05\\\/cropped-Bild1.png\",\"width\":2366,\"height\":829,\"caption\":\"Rassenkleintierzuchtverein V11 Bludenz und 1. \u00d6sterreichischer Riesenclub\"},\"image\":{\"@id\":\"https:\\\/\\\/kleintierzuchtverein-v11.com\\\/#\\\/schema\\\/logo\\\/image\\\/\"}}]}<\/script>\n<!-- \/ Yoast SEO plugin. -->","yoast_head_json":{"title":"1. \u00d6sterreichischer Riesenclub","description":"Erfahren Sie mehr \u00fcber den 1. \u00d6sterreichischen Riesenclub! Wer sind wir, was machen wir und wo sind wir vertreten?","robots":{"index":"index","follow":"follow","max-snippet":"max-snippet:-1","max-image-preview":"max-image-preview:large","max-video-preview":"max-video-preview:-1"},"canonical":"https:\/\/kleintierzuchtverein-v11.com\/?page_id=1388","og_locale":"de_DE","og_type":"article","og_title":"1. \u00d6sterreichischer Riesenclub","og_description":"Erfahren Sie mehr \u00fcber den 1. \u00d6sterreichischen Riesenclub! Wer sind wir, was machen wir und wo sind wir vertreten?","og_url":"https:\/\/kleintierzuchtverein-v11.com\/?page_id=1388","og_site_name":"kleintierzuchtverein-v11.com","article_modified_time":"2026-03-12T17:42:28+00:00","og_image":[{"width":256,"height":194,"url":"https:\/\/kleintierzuchtverein-v11.com\/wp-content\/uploads\/2023\/05\/01-2.jpg","type":"image\/jpeg"}],"twitter_card":"summary_large_image","twitter_misc":{"Gesch\u00e4tzte Lesezeit":"1\u00a0Minute"},"schema":{"@context":"https:\/\/schema.org","@graph":[{"@type":"WebPage","@id":"https:\/\/kleintierzuchtverein-v11.com\/?page_id=1388","url":"https:\/\/kleintierzuchtverein-v11.com\/?page_id=1388","name":"1. \u00d6sterreichischer Riesenclub","isPartOf":{"@id":"https:\/\/kleintierzuchtverein-v11.com\/#website"},"primaryImageOfPage":{"@id":"https:\/\/kleintierzuchtverein-v11.com\/?page_id=1388#primaryimage"},"image":{"@id":"https:\/\/kleintierzuchtverein-v11.com\/?page_id=1388#primaryimage"},"thumbnailUrl":"https:\/\/kleintierzuchtverein-v11.com\/wp-content\/uploads\/2023\/05\/01-2.jpg","datePublished":"2023-05-21T12:02:33+00:00","dateModified":"2026-03-12T17:42:28+00:00","description":"Erfahren Sie mehr \u00fcber den 1. \u00d6sterreichischen Riesenclub! Wer sind wir, was machen wir und wo sind wir vertreten?","breadcrumb":{"@id":"https:\/\/kleintierzuchtverein-v11.com\/?page_id=1388#breadcrumb"},"inLanguage":"de","potentialAction":[{"@type":"ReadAction","target":["https:\/\/kleintierzuchtverein-v11.com\/?page_id=1388"]}]},{"@type":"ImageObject","inLanguage":"de","@id":"https:\/\/kleintierzuchtverein-v11.com\/?page_id=1388#primaryimage","url":"https:\/\/kleintierzuchtverein-v11.com\/wp-content\/uploads\/2023\/05\/01-2.jpg","contentUrl":"https:\/\/kleintierzuchtverein-v11.com\/wp-content\/uploads\/2023\/05\/01-2.jpg","width":256,"height":194},{"@type":"BreadcrumbList","@id":"https:\/\/kleintierzuchtverein-v11.com\/?page_id=1388#breadcrumb","itemListElement":[{"@type":"ListItem","position":1,"name":"Startseite","item":"https:\/\/kleintierzuchtverein-v11.com\/"},{"@type":"ListItem","position":2,"name":"Landing Page Riesenclub"}]},{"@type":"WebSite","@id":"https:\/\/kleintierzuchtverein-v11.com\/#website","url":"https:\/\/kleintierzuchtverein-v11.com\/","name":"kleintierzuchtverein-v11.com","description":"Eine weiter WordPress-Webseite","publisher":{"@id":"https:\/\/kleintierzuchtverein-v11.com\/#organization"},"potentialAction":[{"@type":"SearchAction","target":{"@type":"EntryPoint","urlTemplate":"https:\/\/kleintierzuchtverein-v11.com\/?s={search_term_string}"},"query-input":{"@type":"PropertyValueSpecification","valueRequired":true,"valueName":"search_term_string"}}],"inLanguage":"de"},{"@type":"Organization","@id":"https:\/\/kleintierzuchtverein-v11.com\/#organization","name":"Rassenkleintierzuchtverein V11 Bludenz und 1. \u00d6sterreichischer Riesenclub","url":"https:\/\/kleintierzuchtverein-v11.com\/","logo":{"@type":"ImageObject","inLanguage":"de","@id":"https:\/\/kleintierzuchtverein-v11.com\/#\/schema\/logo\/image\/","url":"https:\/\/kleintierzuchtverein-v11.com\/wp-content\/uploads\/2023\/05\/cropped-Bild1.png","contentUrl":"https:\/\/kleintierzuchtverein-v11.com\/wp-content\/uploads\/2023\/05\/cropped-Bild1.png","width":2366,"height":829,"caption":"Rassenkleintierzuchtverein V11 Bludenz und 1. \u00d6sterreichischer Riesenclub"},"image":{"@id":"https:\/\/kleintierzuchtverein-v11.com\/#\/schema\/logo\/image\/"}}]}},"_links":{"self":[{"href":"https:\/\/kleintierzuchtverein-v11.com\/index.php?rest_route=\/wp\/v2\/pages\/1388","targetHints":{"allow":["GET"]}}],"collection":[{"href":"https:\/\/kleintierzuchtverein-v11.com\/index.php?rest_route=\/wp\/v2\/pages"}],"about":[{"href":"https:\/\/kleintierzuchtverein-v11.com\/index.php?rest_route=\/wp\/v2\/types\/page"}],"author":[{"embeddable":true,"href":"https:\/\/kleintierzuchtverein-v11.com\/index.php?rest_route=\/wp\/v2\/users\/1"}],"replies":[{"embeddable":true,"href":"https:\/\/kleintierzuchtverein-v11.com\/index.php?rest_route=%2Fwp%2Fv2%2Fcomments&post=1388"}],"version-history":[{"count":40,"href":"https:\/\/kleintierzuchtverein-v11.com\/index.php?rest_route=\/wp\/v2\/pages\/1388\/revisions"}],"predecessor-version":[{"id":2957,"href":"https:\/\/kleintierzuchtverein-v11.com\/index.php?rest_route=\/wp\/v2\/pages\/1388\/revisions\/2957"}],"wp:attachment":[{"href":"https:\/\/kleintierzuchtverein-v11.com\/index.php?rest_route=%2Fwp%2Fv2%2Fmedia&parent=1388"}],"curies":[{"name":"wp","href":"https:\/\/api.w.org\/{rel}","templated":true}]}}