{"id":2517,"date":"2024-04-07T16:53:06","date_gmt":"2024-04-07T14:53:06","guid":{"rendered":"https:\/\/kleintierzuchtverein-v11.com\/?page_id=2517"},"modified":"2024-04-07T17:00:49","modified_gmt":"2024-04-07T15:00:49","slug":"osterschau-2024","status":"publish","type":"page","link":"https:\/\/kleintierzuchtverein-v11.com\/?page_id=2517","title":{"rendered":"Osterschau 2024"},"content":{"rendered":"\t\t<div data-elementor-type=\"wp-page\" data-elementor-id=\"2517\" class=\"elementor elementor-2517\">\n\t\t\t\t\t\t<section class=\"elementor-section elementor-top-section elementor-element elementor-element-d9de0e elementor-section-content-middle elementor-section-stretched elementor-section-boxed elementor-section-height-default elementor-section-height-default wpr-particle-no wpr-jarallax-no wpr-parallax-no wpr-sticky-section-no wpr-equal-height-no\" data-id=\"d9de0e\" data-element_type=\"section\" data-e-type=\"section\" data-settings=\"{&quot;stretch_section&quot;:&quot;section-stretched&quot;}\">\n\t\t\t\t\t\t\t<div class=\"elementor-background-overlay\"><\/div>\n\t\t\t\t\t\t\t<div class=\"elementor-container elementor-column-gap-wide\">\n\t\t\t\t\t<div class=\"elementor-column elementor-col-100 elementor-top-column elementor-element elementor-element-3d27da6d\" data-id=\"3d27da6d\" data-element_type=\"column\" data-e-type=\"column\">\n\t\t\t<div class=\"elementor-widget-wrap elementor-element-populated\">\n\t\t\t\t\t\t<div class=\"elementor-element elementor-element-21cc0f99 elementor-invisible elementor-widget elementor-widget-heading\" data-id=\"21cc0f99\" data-element_type=\"widget\" data-e-type=\"widget\" data-settings=\"{&quot;_animation&quot;:&quot;fadeIn&quot;,&quot;_animation_delay&quot;:50}\" data-widget_type=\"heading.default\">\n\t\t\t\t<div class=\"elementor-widget-container\">\n\t\t\t\t\t<h2 class=\"elementor-heading-title elementor-size-default\">V11<\/h2>\t\t\t\t<\/div>\n\t\t\t\t<\/div>\n\t\t\t\t<div class=\"elementor-element elementor-element-140fce4a elementor-invisible elementor-widget elementor-widget-heading\" data-id=\"140fce4a\" data-element_type=\"widget\" data-e-type=\"widget\" data-settings=\"{&quot;_animation&quot;:&quot;fadeIn&quot;,&quot;_animation_delay&quot;:100}\" data-widget_type=\"heading.default\">\n\t\t\t\t<div class=\"elementor-widget-container\">\n\t\t\t\t\t<h2 class=\"elementor-heading-title elementor-size-default\">Veranstaltungen<\/h2>\t\t\t\t<\/div>\n\t\t\t\t<\/div>\n\t\t\t\t<div class=\"elementor-element elementor-element-46db9553 elementor-widget-divider--view-line elementor-invisible elementor-widget elementor-widget-divider\" data-id=\"46db9553\" data-element_type=\"widget\" data-e-type=\"widget\" data-settings=\"{&quot;_animation&quot;:&quot;fadeIn&quot;,&quot;_animation_delay&quot;:300}\" data-widget_type=\"divider.default\">\n\t\t\t\t<div class=\"elementor-widget-container\">\n\t\t\t\t\t\t\t<div class=\"elementor-divider\">\n\t\t\t<span class=\"elementor-divider-separator\">\n\t\t\t\t\t\t<\/span>\n\t\t<\/div>\n\t\t\t\t\t\t<\/div>\n\t\t\t\t<\/div>\n\t\t\t\t\t<\/div>\n\t\t<\/div>\n\t\t\t\t\t<\/div>\n\t\t<\/section>\n\t\t\t\t<section class=\"elementor-section elementor-top-section elementor-element elementor-element-6b8439d4 elementor-section-content-middle envato-kit-141-top-0 elementor-section-stretched elementor-section-boxed elementor-section-height-default elementor-section-height-default wpr-particle-no wpr-jarallax-no wpr-parallax-no wpr-sticky-section-no wpr-equal-height-no elementor-invisible\" data-id=\"6b8439d4\" data-element_type=\"section\" data-e-type=\"section\" data-settings=\"{&quot;background_background&quot;:&quot;classic&quot;,&quot;stretch_section&quot;:&quot;section-stretched&quot;,&quot;animation&quot;:&quot;fadeIn&quot;,&quot;animation_delay&quot;:800}\">\n\t\t\t\t\t\t\t<div class=\"elementor-background-overlay\"><\/div>\n\t\t\t\t\t\t\t<div class=\"elementor-container elementor-column-gap-wide\">\n\t\t\t\t\t<div class=\"elementor-column elementor-col-100 elementor-top-column elementor-element elementor-element-44542284\" data-id=\"44542284\" data-element_type=\"column\" data-e-type=\"column\">\n\t\t\t<div class=\"elementor-widget-wrap elementor-element-populated\">\n\t\t\t\t\t\t<div class=\"elementor-element elementor-element-164dd7bd elementor-invisible elementor-widget elementor-widget-heading\" data-id=\"164dd7bd\" data-element_type=\"widget\" data-e-type=\"widget\" data-settings=\"{&quot;_animation&quot;:&quot;fadeIn&quot;,&quot;_animation_delay&quot;:50}\" data-widget_type=\"heading.default\">\n\t\t\t\t<div class=\"elementor-widget-container\">\n\t\t\t\t\t<h2 class=\"elementor-heading-title elementor-size-default\">30.03.2024<\/h2>\t\t\t\t<\/div>\n\t\t\t\t<\/div>\n\t\t\t\t<div class=\"elementor-element elementor-element-2893396f elementor-invisible elementor-widget elementor-widget-heading\" data-id=\"2893396f\" data-element_type=\"widget\" data-e-type=\"widget\" data-settings=\"{&quot;_animation&quot;:&quot;fadeIn&quot;,&quot;_animation_delay&quot;:100}\" data-widget_type=\"heading.default\">\n\t\t\t\t<div class=\"elementor-widget-container\">\n\t\t\t\t\t<h2 class=\"elementor-heading-title elementor-size-default\">Osterschau 2024<\/h2>\t\t\t\t<\/div>\n\t\t\t\t<\/div>\n\t\t\t\t<div class=\"elementor-element elementor-element-121fb4d5 elementor-widget-divider--view-line elementor-invisible elementor-widget elementor-widget-divider\" data-id=\"121fb4d5\" data-element_type=\"widget\" data-e-type=\"widget\" data-settings=\"{&quot;_animation&quot;:&quot;fadeIn&quot;,&quot;_animation_delay&quot;:300}\" data-widget_type=\"divider.default\">\n\t\t\t\t<div class=\"elementor-widget-container\">\n\t\t\t\t\t\t\t<div class=\"elementor-divider\">\n\t\t\t<span class=\"elementor-divider-separator\">\n\t\t\t\t\t\t<\/span>\n\t\t<\/div>\n\t\t\t\t\t\t<\/div>\n\t\t\t\t<\/div>\n\t\t\t\t<section class=\"elementor-section elementor-inner-section elementor-element elementor-element-1fd8c5bd elementor-section-boxed elementor-section-height-default elementor-section-height-default wpr-particle-no wpr-jarallax-no wpr-parallax-no wpr-sticky-section-no wpr-equal-height-no\" data-id=\"1fd8c5bd\" data-element_type=\"section\" data-e-type=\"section\">\n\t\t\t\t\t\t<div class=\"elementor-container elementor-column-gap-default\">\n\t\t\t\t\t<div class=\"elementor-column elementor-col-100 elementor-inner-column elementor-element elementor-element-54d7147a\" data-id=\"54d7147a\" data-element_type=\"column\" data-e-type=\"column\">\n\t\t\t<div class=\"elementor-widget-wrap elementor-element-populated\">\n\t\t\t\t\t\t<div class=\"elementor-element elementor-element-2b353a64 elementor-widget elementor-widget-text-editor\" data-id=\"2b353a64\" data-element_type=\"widget\" data-e-type=\"widget\" data-widget_type=\"text-editor.default\">\n\t\t\t\t<div class=\"elementor-widget-container\">\n\t\t\t\t\t\t\t\t\t<p>Auch dieses Jahr wurde unser Verein von der WIGE Bludenz eingeladen, einige Tiere am Ostermarkt zu pr\u00e4sentieren und einen Streichelzoo f\u00fcr Kinder zu betreuen. Das Wetter war sehr st\u00fcrmisch, aber sch\u00f6n. Das Zelt konnten wir nicht verwenden, sonst w\u00e4re es weggeblasen worden.<\/p><p>Unser Vereinszuchtwart f\u00fcr Kaninchen Martin Wachter stellte eine wei\u00dfe Riesenh\u00e4sin mit 5 Jungen f\u00fcr den Streichelzoo zur Verf\u00fcgung, ebenfalls 5 blaue Wiener von Angelika Wachter. Alfred R\u00fctzler brachte ein Hasenkaninchen und ein Paar Mod. engl. Zwergk\u00e4mpfer, sowie 1 Paar engl. Zwergorpington (Gefl\u00fcgel) zur Schau. Martin Netzer stellte einen Kleinsilber gelb zur Verf\u00fcgung und Angelika Wachter einen wei\u00dfen Wiener. Organisiert wurde der Streichelzoo von Zuchtwart Martin Wachter.<\/p><p>Die Osterschau entwickelte sich zu einem wahren Publikumsmagneten. Die Kinder waren begeistert von den Tieren und viele Leute zeigten gro\u00dfes Interesse. Unser Verein konnte bei diesem Event einen gro\u00dfartigen Beitrag leisten.<\/p><p>\u00a0<\/p><p>Im Anschluss hier noch einige Fotos:<\/p>\t\t\t\t\t\t\t\t<\/div>\n\t\t\t\t<\/div>\n\t\t\t\t<div class=\"elementor-element elementor-element-183bb283 elementor-widget elementor-widget-image\" data-id=\"183bb283\" data-element_type=\"widget\" data-e-type=\"widget\" data-widget_type=\"image.default\">\n\t\t\t\t<div class=\"elementor-widget-container\">\n\t\t\t\t\t\t\t\t\t\t\t\t\t\t\t<img fetchpriority=\"high\" decoding=\"async\" width=\"2560\" height=\"1440\" src=\"https:\/\/kleintierzuchtverein-v11.com\/wp-content\/uploads\/20240330_103358-scaled.jpg\" class=\"attachment-full size-full wp-image-2522\" alt=\"\" srcset=\"https:\/\/kleintierzuchtverein-v11.com\/wp-content\/uploads\/20240330_103358-scaled.jpg 2560w, https:\/\/kleintierzuchtverein-v11.com\/wp-content\/uploads\/20240330_103358-300x169.jpg 300w, https:\/\/kleintierzuchtverein-v11.com\/wp-content\/uploads\/20240330_103358-1024x576.jpg 1024w, https:\/\/kleintierzuchtverein-v11.com\/wp-content\/uploads\/20240330_103358-768x432.jpg 768w, https:\/\/kleintierzuchtverein-v11.com\/wp-content\/uploads\/20240330_103358-1536x864.jpg 1536w, https:\/\/kleintierzuchtverein-v11.com\/wp-content\/uploads\/20240330_103358-2048x1152.jpg 2048w\" sizes=\"(max-width: 2560px) 100vw, 2560px\" \/>\t\t\t\t\t\t\t\t\t\t\t\t\t\t\t<\/div>\n\t\t\t\t<\/div>\n\t\t\t\t<div class=\"elementor-element elementor-element-201d9b4a elementor-widget elementor-widget-text-editor\" data-id=\"201d9b4a\" data-element_type=\"widget\" data-e-type=\"widget\" data-widget_type=\"text-editor.default\">\n\t\t\t\t<div class=\"elementor-widget-container\">\n\t\t\t\t\t\t\t\t\t<p>\u00a0<\/p><p>\u00a0<\/p>\t\t\t\t\t\t\t\t<\/div>\n\t\t\t\t<\/div>\n\t\t\t\t<div class=\"elementor-element elementor-element-45db41b1 elementor-arrows-position-inside elementor-pagination-position-outside elementor-widget elementor-widget-image-carousel\" data-id=\"45db41b1\" data-element_type=\"widget\" data-e-type=\"widget\" data-settings=\"{&quot;slides_to_show&quot;:&quot;1&quot;,&quot;navigation&quot;:&quot;both&quot;,&quot;autoplay&quot;:&quot;yes&quot;,&quot;pause_on_hover&quot;:&quot;yes&quot;,&quot;pause_on_interaction&quot;:&quot;yes&quot;,&quot;autoplay_speed&quot;:5000,&quot;infinite&quot;:&quot;yes&quot;,&quot;effect&quot;:&quot;slide&quot;,&quot;speed&quot;:500}\" data-widget_type=\"image-carousel.default\">\n\t\t\t\t<div class=\"elementor-widget-container\">\n\t\t\t\t\t\t\t<div class=\"elementor-image-carousel-wrapper swiper\" role=\"region\" aria-roledescription=\"carousel\" aria-label=\"Bild Karussell\" dir=\"ltr\">\n\t\t\t<div class=\"elementor-image-carousel swiper-wrapper\" aria-live=\"off\">\n\t\t\t\t\t\t\t\t<div class=\"swiper-slide\" role=\"group\" aria-roledescription=\"slide\" aria-label=\"1 von 6\"><figure class=\"swiper-slide-inner\"><img decoding=\"async\" class=\"swiper-slide-image\" src=\"https:\/\/kleintierzuchtverein-v11.com\/wp-content\/uploads\/20240330_091433-768x432.jpg\" alt=\"20240330_091433\" \/><\/figure><\/div><div class=\"swiper-slide\" role=\"group\" aria-roledescription=\"slide\" aria-label=\"2 von 6\"><figure class=\"swiper-slide-inner\"><img decoding=\"async\" class=\"swiper-slide-image\" src=\"https:\/\/kleintierzuchtverein-v11.com\/wp-content\/uploads\/20240330_094006-768x432.jpg\" alt=\"20240330_094006\" \/><\/figure><\/div><div class=\"swiper-slide\" role=\"group\" aria-roledescription=\"slide\" aria-label=\"3 von 6\"><figure class=\"swiper-slide-inner\"><img decoding=\"async\" class=\"swiper-slide-image\" src=\"https:\/\/kleintierzuchtverein-v11.com\/wp-content\/uploads\/20240330_094012-768x432.jpg\" alt=\"20240330_094012\" \/><\/figure><\/div><div class=\"swiper-slide\" role=\"group\" aria-roledescription=\"slide\" aria-label=\"4 von 6\"><figure class=\"swiper-slide-inner\"><img decoding=\"async\" class=\"swiper-slide-image\" src=\"https:\/\/kleintierzuchtverein-v11.com\/wp-content\/uploads\/20240330_094446-768x432.jpg\" alt=\"20240330_094446\" \/><\/figure><\/div><div class=\"swiper-slide\" role=\"group\" aria-roledescription=\"slide\" aria-label=\"5 von 6\"><figure class=\"swiper-slide-inner\"><img decoding=\"async\" class=\"swiper-slide-image\" src=\"https:\/\/kleintierzuchtverein-v11.com\/wp-content\/uploads\/20240330_094505-768x432.jpg\" alt=\"20240330_094505\" \/><\/figure><\/div><div class=\"swiper-slide\" role=\"group\" aria-roledescription=\"slide\" aria-label=\"6 von 6\"><figure class=\"swiper-slide-inner\"><img decoding=\"async\" class=\"swiper-slide-image\" src=\"https:\/\/kleintierzuchtverein-v11.com\/wp-content\/uploads\/20240330_104820-768x432.jpg\" alt=\"20240330_104820\" \/><\/figure><\/div>\t\t\t<\/div>\n\t\t\t\t\t\t\t\t\t\t\t\t<div class=\"elementor-swiper-button elementor-swiper-button-prev\" role=\"button\" tabindex=\"0\">\n\t\t\t\t\t\t<i aria-hidden=\"true\" class=\"eicon-chevron-left\"><\/i>\t\t\t\t\t<\/div>\n\t\t\t\t\t<div class=\"elementor-swiper-button elementor-swiper-button-next\" role=\"button\" tabindex=\"0\">\n\t\t\t\t\t\t<i aria-hidden=\"true\" class=\"eicon-chevron-right\"><\/i>\t\t\t\t\t<\/div>\n\t\t\t\t\n\t\t\t\t\t\t\t\t\t<div class=\"swiper-pagination\"><\/div>\n\t\t\t\t\t\t\t\t\t<\/div>\n\t\t\t\t\t\t<\/div>\n\t\t\t\t<\/div>\n\t\t\t\t\t<\/div>\n\t\t<\/div>\n\t\t\t\t\t<\/div>\n\t\t<\/section>\n\t\t\t\t\t<\/div>\n\t\t<\/div>\n\t\t\t\t\t<\/div>\n\t\t<\/section>\n\t\t\t\t<\/div>\n\t\t","protected":false},"excerpt":{"rendered":"<p>V11 Veranstaltungen 30.03.2024 Osterschau 2024 Auch dieses Jahr wurde unser Verein von der WIGE Bludenz eingeladen, einige Tiere am Ostermarkt zu pr\u00e4sentieren und einen Streichelzoo f\u00fcr Kinder zu betreuen. Das Wetter war sehr st\u00fcrmisch, aber sch\u00f6n. Das Zelt konnten wir nicht verwenden, sonst w\u00e4re es weggeblasen worden. Unser Vereinszuchtwart f\u00fcr Kaninchen Martin Wachter stellte eine wei\u00dfe Riesenh\u00e4sin mit 5 Jungen f\u00fcr den Streichelzoo zur Verf\u00fcgung, ebenfalls 5 blaue Wiener von Angelika Wachter. Alfred R\u00fctzler brachte ein Hasenkaninchen und ein Paar Mod. engl. Zwergk\u00e4mpfer, sowie 1 Paar engl. Zwergorpington (Gefl\u00fcgel) zur Schau. Martin Netzer stellte einen Kleinsilber gelb zur Verf\u00fcgung und Angelika Wachter einen wei\u00dfen Wiener. Organisiert wurde der Streichelzoo von Zuchtwart Martin Wachter. Die Osterschau entwickelte sich zu einem wahren Publikumsmagneten. Die Kinder waren begeistert von den Tieren und viele Leute zeigten gro\u00dfes Interesse. Unser Verein konnte bei diesem Event einen gro\u00dfartigen Beitrag leisten. \u00a0 Im Anschluss hier noch einige Fotos: \u00a0 \u00a0<\/p>\n","protected":false},"author":1,"featured_media":0,"parent":0,"menu_order":0,"comment_status":"closed","ping_status":"closed","template":"elementor_canvas","meta":{"_monsterinsights_skip_tracking":false,"_monsterinsights_sitenote_active":false,"_monsterinsights_sitenote_note":"","_monsterinsights_sitenote_category":0,"footnotes":""},"class_list":["post-2517","page","type-page","status-publish","hentry"],"yoast_head":"<!-- This site is optimized with the Yoast SEO plugin v27.5 - https:\/\/yoast.com\/product\/yoast-seo-wordpress\/ -->\n<title>Osterschau 2024 - kleintierzuchtverein-v11.com<\/title>\n<meta name=\"robots\" content=\"index, follow, max-snippet:-1, max-image-preview:large, max-video-preview:-1\" \/>\n<link rel=\"canonical\" href=\"https:\/\/kleintierzuchtverein-v11.com\/?page_id=2517\" \/>\n<meta property=\"og:locale\" content=\"de_DE\" \/>\n<meta property=\"og:type\" content=\"article\" \/>\n<meta property=\"og:title\" content=\"Osterschau 2024 - kleintierzuchtverein-v11.com\" \/>\n<meta property=\"og:description\" content=\"V11 Veranstaltungen 30.03.2024 Osterschau 2024 Auch dieses Jahr wurde unser Verein von der WIGE Bludenz eingeladen, einige Tiere am Ostermarkt zu pr\u00e4sentieren und einen Streichelzoo f\u00fcr Kinder zu betreuen. Das Wetter war sehr st\u00fcrmisch, aber sch\u00f6n. Das Zelt konnten wir nicht verwenden, sonst w\u00e4re es weggeblasen worden. Unser Vereinszuchtwart f\u00fcr Kaninchen Martin Wachter stellte eine wei\u00dfe Riesenh\u00e4sin mit 5 Jungen f\u00fcr den Streichelzoo zur Verf\u00fcgung, ebenfalls 5 blaue Wiener von Angelika Wachter. Alfred R\u00fctzler brachte ein Hasenkaninchen und ein Paar Mod. engl. Zwergk\u00e4mpfer, sowie 1 Paar engl. Zwergorpington (Gefl\u00fcgel) zur Schau. Martin Netzer stellte einen Kleinsilber gelb zur Verf\u00fcgung und Angelika Wachter einen wei\u00dfen Wiener. Organisiert wurde der Streichelzoo von Zuchtwart Martin Wachter. Die Osterschau entwickelte sich zu einem wahren Publikumsmagneten. Die Kinder waren begeistert von den Tieren und viele Leute zeigten gro\u00dfes Interesse. Unser Verein konnte bei diesem Event einen gro\u00dfartigen Beitrag leisten. \u00a0 Im Anschluss hier noch einige Fotos: \u00a0 \u00a0\" \/>\n<meta property=\"og:url\" content=\"https:\/\/kleintierzuchtverein-v11.com\/?page_id=2517\" \/>\n<meta property=\"og:site_name\" content=\"kleintierzuchtverein-v11.com\" \/>\n<meta property=\"article:modified_time\" content=\"2024-04-07T15:00:49+00:00\" \/>\n<meta property=\"og:image\" content=\"http:\/\/kleintierzuchtverein-v11.com\/wp-content\/uploads\/20240330_103358-scaled.jpg\" \/>\n<meta name=\"twitter:card\" content=\"summary_large_image\" \/>\n<meta name=\"twitter:label1\" content=\"Gesch\u00e4tzte Lesezeit\" \/>\n\t<meta name=\"twitter:data1\" content=\"3\u00a0Minuten\" \/>\n<script type=\"application\/ld+json\" class=\"yoast-schema-graph\">{\"@context\":\"https:\\\/\\\/schema.org\",\"@graph\":[{\"@type\":\"WebPage\",\"@id\":\"https:\\\/\\\/kleintierzuchtverein-v11.com\\\/?page_id=2517\",\"url\":\"https:\\\/\\\/kleintierzuchtverein-v11.com\\\/?page_id=2517\",\"name\":\"Osterschau 2024 - kleintierzuchtverein-v11.com\",\"isPartOf\":{\"@id\":\"https:\\\/\\\/kleintierzuchtverein-v11.com\\\/#website\"},\"primaryImageOfPage\":{\"@id\":\"https:\\\/\\\/kleintierzuchtverein-v11.com\\\/?page_id=2517#primaryimage\"},\"image\":{\"@id\":\"https:\\\/\\\/kleintierzuchtverein-v11.com\\\/?page_id=2517#primaryimage\"},\"thumbnailUrl\":\"http:\\\/\\\/kleintierzuchtverein-v11.com\\\/wp-content\\\/uploads\\\/20240330_103358-scaled.jpg\",\"datePublished\":\"2024-04-07T14:53:06+00:00\",\"dateModified\":\"2024-04-07T15:00:49+00:00\",\"breadcrumb\":{\"@id\":\"https:\\\/\\\/kleintierzuchtverein-v11.com\\\/?page_id=2517#breadcrumb\"},\"inLanguage\":\"de\",\"potentialAction\":[{\"@type\":\"ReadAction\",\"target\":[\"https:\\\/\\\/kleintierzuchtverein-v11.com\\\/?page_id=2517\"]}]},{\"@type\":\"ImageObject\",\"inLanguage\":\"de\",\"@id\":\"https:\\\/\\\/kleintierzuchtverein-v11.com\\\/?page_id=2517#primaryimage\",\"url\":\"https:\\\/\\\/kleintierzuchtverein-v11.com\\\/wp-content\\\/uploads\\\/20240330_103358-scaled.jpg\",\"contentUrl\":\"https:\\\/\\\/kleintierzuchtverein-v11.com\\\/wp-content\\\/uploads\\\/20240330_103358-scaled.jpg\",\"width\":2560,\"height\":1440},{\"@type\":\"BreadcrumbList\",\"@id\":\"https:\\\/\\\/kleintierzuchtverein-v11.com\\\/?page_id=2517#breadcrumb\",\"itemListElement\":[{\"@type\":\"ListItem\",\"position\":1,\"name\":\"Startseite\",\"item\":\"https:\\\/\\\/kleintierzuchtverein-v11.com\\\/\"},{\"@type\":\"ListItem\",\"position\":2,\"name\":\"Osterschau 2024\"}]},{\"@type\":\"WebSite\",\"@id\":\"https:\\\/\\\/kleintierzuchtverein-v11.com\\\/#website\",\"url\":\"https:\\\/\\\/kleintierzuchtverein-v11.com\\\/\",\"name\":\"kleintierzuchtverein-v11.com\",\"description\":\"Eine weiter WordPress-Webseite\",\"publisher\":{\"@id\":\"https:\\\/\\\/kleintierzuchtverein-v11.com\\\/#organization\"},\"potentialAction\":[{\"@type\":\"SearchAction\",\"target\":{\"@type\":\"EntryPoint\",\"urlTemplate\":\"https:\\\/\\\/kleintierzuchtverein-v11.com\\\/?s={search_term_string}\"},\"query-input\":{\"@type\":\"PropertyValueSpecification\",\"valueRequired\":true,\"valueName\":\"search_term_string\"}}],\"inLanguage\":\"de\"},{\"@type\":\"Organization\",\"@id\":\"https:\\\/\\\/kleintierzuchtverein-v11.com\\\/#organization\",\"name\":\"Rassenkleintierzuchtverein V11 Bludenz und 1. \u00d6sterreichischer Riesenclub\",\"url\":\"https:\\\/\\\/kleintierzuchtverein-v11.com\\\/\",\"logo\":{\"@type\":\"ImageObject\",\"inLanguage\":\"de\",\"@id\":\"https:\\\/\\\/kleintierzuchtverein-v11.com\\\/#\\\/schema\\\/logo\\\/image\\\/\",\"url\":\"https:\\\/\\\/kleintierzuchtverein-v11.com\\\/wp-content\\\/uploads\\\/2023\\\/05\\\/cropped-Bild1.png\",\"contentUrl\":\"https:\\\/\\\/kleintierzuchtverein-v11.com\\\/wp-content\\\/uploads\\\/2023\\\/05\\\/cropped-Bild1.png\",\"width\":2366,\"height\":829,\"caption\":\"Rassenkleintierzuchtverein V11 Bludenz und 1. \u00d6sterreichischer Riesenclub\"},\"image\":{\"@id\":\"https:\\\/\\\/kleintierzuchtverein-v11.com\\\/#\\\/schema\\\/logo\\\/image\\\/\"}}]}<\/script>\n<!-- \/ Yoast SEO plugin. -->","yoast_head_json":{"title":"Osterschau 2024 - kleintierzuchtverein-v11.com","robots":{"index":"index","follow":"follow","max-snippet":"max-snippet:-1","max-image-preview":"max-image-preview:large","max-video-preview":"max-video-preview:-1"},"canonical":"https:\/\/kleintierzuchtverein-v11.com\/?page_id=2517","og_locale":"de_DE","og_type":"article","og_title":"Osterschau 2024 - kleintierzuchtverein-v11.com","og_description":"V11 Veranstaltungen 30.03.2024 Osterschau 2024 Auch dieses Jahr wurde unser Verein von der WIGE Bludenz eingeladen, einige Tiere am Ostermarkt zu pr\u00e4sentieren und einen Streichelzoo f\u00fcr Kinder zu betreuen. Das Wetter war sehr st\u00fcrmisch, aber sch\u00f6n. Das Zelt konnten wir nicht verwenden, sonst w\u00e4re es weggeblasen worden. Unser Vereinszuchtwart f\u00fcr Kaninchen Martin Wachter stellte eine wei\u00dfe Riesenh\u00e4sin mit 5 Jungen f\u00fcr den Streichelzoo zur Verf\u00fcgung, ebenfalls 5 blaue Wiener von Angelika Wachter. Alfred R\u00fctzler brachte ein Hasenkaninchen und ein Paar Mod. engl. Zwergk\u00e4mpfer, sowie 1 Paar engl. Zwergorpington (Gefl\u00fcgel) zur Schau. Martin Netzer stellte einen Kleinsilber gelb zur Verf\u00fcgung und Angelika Wachter einen wei\u00dfen Wiener. Organisiert wurde der Streichelzoo von Zuchtwart Martin Wachter. Die Osterschau entwickelte sich zu einem wahren Publikumsmagneten. Die Kinder waren begeistert von den Tieren und viele Leute zeigten gro\u00dfes Interesse. Unser Verein konnte bei diesem Event einen gro\u00dfartigen Beitrag leisten. \u00a0 Im Anschluss hier noch einige Fotos: \u00a0 \u00a0","og_url":"https:\/\/kleintierzuchtverein-v11.com\/?page_id=2517","og_site_name":"kleintierzuchtverein-v11.com","article_modified_time":"2024-04-07T15:00:49+00:00","og_image":[{"url":"http:\/\/kleintierzuchtverein-v11.com\/wp-content\/uploads\/20240330_103358-scaled.jpg","type":"","width":"","height":""}],"twitter_card":"summary_large_image","twitter_misc":{"Gesch\u00e4tzte Lesezeit":"3\u00a0Minuten"},"schema":{"@context":"https:\/\/schema.org","@graph":[{"@type":"WebPage","@id":"https:\/\/kleintierzuchtverein-v11.com\/?page_id=2517","url":"https:\/\/kleintierzuchtverein-v11.com\/?page_id=2517","name":"Osterschau 2024 - kleintierzuchtverein-v11.com","isPartOf":{"@id":"https:\/\/kleintierzuchtverein-v11.com\/#website"},"primaryImageOfPage":{"@id":"https:\/\/kleintierzuchtverein-v11.com\/?page_id=2517#primaryimage"},"image":{"@id":"https:\/\/kleintierzuchtverein-v11.com\/?page_id=2517#primaryimage"},"thumbnailUrl":"http:\/\/kleintierzuchtverein-v11.com\/wp-content\/uploads\/20240330_103358-scaled.jpg","datePublished":"2024-04-07T14:53:06+00:00","dateModified":"2024-04-07T15:00:49+00:00","breadcrumb":{"@id":"https:\/\/kleintierzuchtverein-v11.com\/?page_id=2517#breadcrumb"},"inLanguage":"de","potentialAction":[{"@type":"ReadAction","target":["https:\/\/kleintierzuchtverein-v11.com\/?page_id=2517"]}]},{"@type":"ImageObject","inLanguage":"de","@id":"https:\/\/kleintierzuchtverein-v11.com\/?page_id=2517#primaryimage","url":"https:\/\/kleintierzuchtverein-v11.com\/wp-content\/uploads\/20240330_103358-scaled.jpg","contentUrl":"https:\/\/kleintierzuchtverein-v11.com\/wp-content\/uploads\/20240330_103358-scaled.jpg","width":2560,"height":1440},{"@type":"BreadcrumbList","@id":"https:\/\/kleintierzuchtverein-v11.com\/?page_id=2517#breadcrumb","itemListElement":[{"@type":"ListItem","position":1,"name":"Startseite","item":"https:\/\/kleintierzuchtverein-v11.com\/"},{"@type":"ListItem","position":2,"name":"Osterschau 2024"}]},{"@type":"WebSite","@id":"https:\/\/kleintierzuchtverein-v11.com\/#website","url":"https:\/\/kleintierzuchtverein-v11.com\/","name":"kleintierzuchtverein-v11.com","description":"Eine weiter WordPress-Webseite","publisher":{"@id":"https:\/\/kleintierzuchtverein-v11.com\/#organization"},"potentialAction":[{"@type":"SearchAction","target":{"@type":"EntryPoint","urlTemplate":"https:\/\/kleintierzuchtverein-v11.com\/?s={search_term_string}"},"query-input":{"@type":"PropertyValueSpecification","valueRequired":true,"valueName":"search_term_string"}}],"inLanguage":"de"},{"@type":"Organization","@id":"https:\/\/kleintierzuchtverein-v11.com\/#organization","name":"Rassenkleintierzuchtverein V11 Bludenz und 1. \u00d6sterreichischer Riesenclub","url":"https:\/\/kleintierzuchtverein-v11.com\/","logo":{"@type":"ImageObject","inLanguage":"de","@id":"https:\/\/kleintierzuchtverein-v11.com\/#\/schema\/logo\/image\/","url":"https:\/\/kleintierzuchtverein-v11.com\/wp-content\/uploads\/2023\/05\/cropped-Bild1.png","contentUrl":"https:\/\/kleintierzuchtverein-v11.com\/wp-content\/uploads\/2023\/05\/cropped-Bild1.png","width":2366,"height":829,"caption":"Rassenkleintierzuchtverein V11 Bludenz und 1. \u00d6sterreichischer Riesenclub"},"image":{"@id":"https:\/\/kleintierzuchtverein-v11.com\/#\/schema\/logo\/image\/"}}]}},"_links":{"self":[{"href":"https:\/\/kleintierzuchtverein-v11.com\/index.php?rest_route=\/wp\/v2\/pages\/2517","targetHints":{"allow":["GET"]}}],"collection":[{"href":"https:\/\/kleintierzuchtverein-v11.com\/index.php?rest_route=\/wp\/v2\/pages"}],"about":[{"href":"https:\/\/kleintierzuchtverein-v11.com\/index.php?rest_route=\/wp\/v2\/types\/page"}],"author":[{"embeddable":true,"href":"https:\/\/kleintierzuchtverein-v11.com\/index.php?rest_route=\/wp\/v2\/users\/1"}],"replies":[{"embeddable":true,"href":"https:\/\/kleintierzuchtverein-v11.com\/index.php?rest_route=%2Fwp%2Fv2%2Fcomments&post=2517"}],"version-history":[{"count":5,"href":"https:\/\/kleintierzuchtverein-v11.com\/index.php?rest_route=\/wp\/v2\/pages\/2517\/revisions"}],"predecessor-version":[{"id":2530,"href":"https:\/\/kleintierzuchtverein-v11.com\/index.php?rest_route=\/wp\/v2\/pages\/2517\/revisions\/2530"}],"wp:attachment":[{"href":"https:\/\/kleintierzuchtverein-v11.com\/index.php?rest_route=%2Fwp%2Fv2%2Fmedia&parent=2517"}],"curies":[{"name":"wp","href":"https:\/\/api.w.org\/{rel}","templated":true}]}}