{"id":957,"date":"2023-05-21T13:59:10","date_gmt":"2023-05-21T11:59:10","guid":{"rendered":"https:\/\/kleintierzuchtverein-v11.com\/?page_id=957"},"modified":"2023-06-03T14:23:59","modified_gmt":"2023-06-03T12:23:59","slug":"bundesschau-wels-2019","status":"publish","type":"page","link":"https:\/\/kleintierzuchtverein-v11.com\/?page_id=957","title":{"rendered":"Bundesschau Wels 2019"},"content":{"rendered":"\t\t<div data-elementor-type=\"wp-page\" data-elementor-id=\"957\" class=\"elementor elementor-957\">\n\t\t\t\t\t\t<section class=\"elementor-section elementor-top-section elementor-element elementor-element-20230bf8 elementor-section-content-middle elementor-section-stretched elementor-section-boxed elementor-section-height-default elementor-section-height-default wpr-particle-no wpr-jarallax-no wpr-parallax-no wpr-sticky-section-no wpr-equal-height-no\" data-id=\"20230bf8\" data-element_type=\"section\" data-e-type=\"section\" data-settings=\"{&quot;stretch_section&quot;:&quot;section-stretched&quot;}\">\n\t\t\t\t\t\t\t<div class=\"elementor-background-overlay\"><\/div>\n\t\t\t\t\t\t\t<div class=\"elementor-container elementor-column-gap-wide\">\n\t\t\t\t\t<div class=\"elementor-column elementor-col-100 elementor-top-column elementor-element elementor-element-28ba02f1\" data-id=\"28ba02f1\" data-element_type=\"column\" data-e-type=\"column\">\n\t\t\t<div class=\"elementor-widget-wrap elementor-element-populated\">\n\t\t\t\t\t\t<div class=\"elementor-element elementor-element-18fc8615 elementor-invisible elementor-widget elementor-widget-heading\" data-id=\"18fc8615\" data-element_type=\"widget\" data-e-type=\"widget\" data-settings=\"{&quot;_animation&quot;:&quot;fadeIn&quot;,&quot;_animation_delay&quot;:50}\" data-widget_type=\"heading.default\">\n\t\t\t\t<div class=\"elementor-widget-container\">\n\t\t\t\t\t<h2 class=\"elementor-heading-title elementor-size-default\">V11<\/h2>\t\t\t\t<\/div>\n\t\t\t\t<\/div>\n\t\t\t\t<div class=\"elementor-element elementor-element-2815f3a3 elementor-invisible elementor-widget elementor-widget-heading\" data-id=\"2815f3a3\" data-element_type=\"widget\" data-e-type=\"widget\" data-settings=\"{&quot;_animation&quot;:&quot;fadeIn&quot;,&quot;_animation_delay&quot;:100}\" data-widget_type=\"heading.default\">\n\t\t\t\t<div class=\"elementor-widget-container\">\n\t\t\t\t\t<h2 class=\"elementor-heading-title elementor-size-default\">Veranstaltungen<\/h2>\t\t\t\t<\/div>\n\t\t\t\t<\/div>\n\t\t\t\t<div class=\"elementor-element elementor-element-62a48d1 elementor-widget-divider--view-line elementor-invisible elementor-widget elementor-widget-divider\" data-id=\"62a48d1\" data-element_type=\"widget\" data-e-type=\"widget\" data-settings=\"{&quot;_animation&quot;:&quot;fadeIn&quot;,&quot;_animation_delay&quot;:300}\" data-widget_type=\"divider.default\">\n\t\t\t\t<div class=\"elementor-widget-container\">\n\t\t\t\t\t\t\t<div class=\"elementor-divider\">\n\t\t\t<span class=\"elementor-divider-separator\">\n\t\t\t\t\t\t<\/span>\n\t\t<\/div>\n\t\t\t\t\t\t<\/div>\n\t\t\t\t<\/div>\n\t\t\t\t\t<\/div>\n\t\t<\/div>\n\t\t\t\t\t<\/div>\n\t\t<\/section>\n\t\t\t\t<section class=\"elementor-section elementor-top-section elementor-element elementor-element-d6efdfe elementor-section-content-middle envato-kit-141-top-0 elementor-section-stretched elementor-section-boxed elementor-section-height-default elementor-section-height-default wpr-particle-no wpr-jarallax-no wpr-parallax-no wpr-sticky-section-no wpr-equal-height-no elementor-invisible\" data-id=\"d6efdfe\" data-element_type=\"section\" data-e-type=\"section\" data-settings=\"{&quot;background_background&quot;:&quot;classic&quot;,&quot;stretch_section&quot;:&quot;section-stretched&quot;,&quot;animation&quot;:&quot;fadeIn&quot;,&quot;animation_delay&quot;:800}\">\n\t\t\t\t\t\t\t<div class=\"elementor-background-overlay\"><\/div>\n\t\t\t\t\t\t\t<div class=\"elementor-container elementor-column-gap-wide\">\n\t\t\t\t\t<div class=\"elementor-column elementor-col-100 elementor-top-column elementor-element elementor-element-2241d7ba\" data-id=\"2241d7ba\" data-element_type=\"column\" data-e-type=\"column\">\n\t\t\t<div class=\"elementor-widget-wrap elementor-element-populated\">\n\t\t\t\t\t\t<div class=\"elementor-element elementor-element-2048a62 elementor-invisible elementor-widget elementor-widget-heading\" data-id=\"2048a62\" data-element_type=\"widget\" data-e-type=\"widget\" data-settings=\"{&quot;_animation&quot;:&quot;fadeIn&quot;,&quot;_animation_delay&quot;:50}\" data-widget_type=\"heading.default\">\n\t\t\t\t<div class=\"elementor-widget-container\">\n\t\t\t\t\t<h2 class=\"elementor-heading-title elementor-size-default\">23 &amp; 24 November 2019<\/h2>\t\t\t\t<\/div>\n\t\t\t\t<\/div>\n\t\t\t\t<div class=\"elementor-element elementor-element-7c79af6 elementor-invisible elementor-widget elementor-widget-heading\" data-id=\"7c79af6\" data-element_type=\"widget\" data-e-type=\"widget\" data-settings=\"{&quot;_animation&quot;:&quot;fadeIn&quot;,&quot;_animation_delay&quot;:100}\" data-widget_type=\"heading.default\">\n\t\t\t\t<div class=\"elementor-widget-container\">\n\t\t\t\t\t<h2 class=\"elementor-heading-title elementor-size-default\">Bundesschau Wels 2019<\/h2>\t\t\t\t<\/div>\n\t\t\t\t<\/div>\n\t\t\t\t<div class=\"elementor-element elementor-element-2582c713 elementor-widget-divider--view-line elementor-invisible elementor-widget elementor-widget-divider\" data-id=\"2582c713\" data-element_type=\"widget\" data-e-type=\"widget\" data-settings=\"{&quot;_animation&quot;:&quot;fadeIn&quot;,&quot;_animation_delay&quot;:300}\" data-widget_type=\"divider.default\">\n\t\t\t\t<div class=\"elementor-widget-container\">\n\t\t\t\t\t\t\t<div class=\"elementor-divider\">\n\t\t\t<span class=\"elementor-divider-separator\">\n\t\t\t\t\t\t<\/span>\n\t\t<\/div>\n\t\t\t\t\t\t<\/div>\n\t\t\t\t<\/div>\n\t\t\t\t<div class=\"elementor-element elementor-element-2b884e05 elementor-widget elementor-widget-image\" data-id=\"2b884e05\" data-element_type=\"widget\" data-e-type=\"widget\" data-widget_type=\"image.default\">\n\t\t\t\t<div class=\"elementor-widget-container\">\n\t\t\t\t\t\t\t\t\t\t\t\t\t\t\t<img fetchpriority=\"high\" decoding=\"async\" width=\"940\" height=\"529\" src=\"https:\/\/kleintierzuchtverein-v11.com\/wp-content\/uploads\/2023\/05\/082-940x529-1.jpg\" class=\"attachment-full size-full wp-image-644\" alt=\"\" srcset=\"https:\/\/kleintierzuchtverein-v11.com\/wp-content\/uploads\/2023\/05\/082-940x529-1.jpg 940w, https:\/\/kleintierzuchtverein-v11.com\/wp-content\/uploads\/2023\/05\/082-940x529-1-300x169.jpg 300w, https:\/\/kleintierzuchtverein-v11.com\/wp-content\/uploads\/2023\/05\/082-940x529-1-768x432.jpg 768w\" sizes=\"(max-width: 940px) 100vw, 940px\" \/>\t\t\t\t\t\t\t\t\t\t\t\t\t\t\t<\/div>\n\t\t\t\t<\/div>\n\t\t\t\t<section class=\"elementor-section elementor-inner-section elementor-element elementor-element-63e2e833 elementor-section-boxed elementor-section-height-default elementor-section-height-default wpr-particle-no wpr-jarallax-no wpr-parallax-no wpr-sticky-section-no wpr-equal-height-no\" data-id=\"63e2e833\" data-element_type=\"section\" data-e-type=\"section\">\n\t\t\t\t\t\t<div class=\"elementor-container elementor-column-gap-default\">\n\t\t\t\t\t<div class=\"elementor-column elementor-col-100 elementor-inner-column elementor-element elementor-element-2acde52e\" data-id=\"2acde52e\" data-element_type=\"column\" data-e-type=\"column\">\n\t\t\t<div class=\"elementor-widget-wrap elementor-element-populated\">\n\t\t\t\t\t\t<div class=\"elementor-element elementor-element-7c3d8555 elementor-widget elementor-widget-text-editor\" data-id=\"7c3d8555\" data-element_type=\"widget\" data-e-type=\"widget\" data-widget_type=\"text-editor.default\">\n\t\t\t\t<div class=\"elementor-widget-container\">\n\t\t\t\t\t\t\t\t\t<p class=\"MsoNormal\">Bereits zum 23. Mal veranstaltete der Rassezuchtverband der \u00f6sterr. Kleintierz\u00fcchter am 23. und 24. Nov. 2019 in Wels seine Bundesschau mit angeschlossen Rassebezogene Europaschauen f\u00fcr Kaninchen, Gefl\u00fcgel und Tauben. Die R\u00d6K Bundesschau Wels war die gr\u00f6\u00dfte Kleintierschau \u00d6sterreichs und pr\u00e4sentierte dort mehr als 14.000 Tiere.<\/p><p class=\"MsoNormal\">Die Z\u00fcchter des RKTZ V11 Bludenz erreichten dort mit ihren Tieren folgende hervorragende Ergebnisse:<\/p><p class=\"MsoNormal\">Herzlich gratulieren wir zum Bundesmeister:<\/p><p class=\"MsoNormal\">Tschabrun Rudolf mit Laufenten forellenfarbig und Champion mit 97 Pkt.<\/p><p class=\"MsoNormal\">Wachter Martin mit Riesenkaninchen wei\u00df 388,5 Pkt. und 2 Champions mit je 97,5 Pkt.<\/p><p class=\"MsoNormal\">R\u00fctzler Alfred mit Hasenkaninchen rotbraun 387 Pkt. und Champion mit 97,5 Pkt. sowie mit<\/p><p class=\"MsoNormal\">Deutschen Langschn\u00e4bligen T\u00fcmmler B\u00e4rtchen schwarz<\/p><p class=\"MsoNormal\">Jugendbundesmeister wurde Tagwerker Matthias mit Th\u00fcringer Kaninchen 387 Pkt.<\/p><p class=\"MsoNormal\">Jungz\u00fcchter Philipp J\u00e4ger erreichte mit Zwergwidder wei\u00df Rotauge eine Champion H\u00e4sin mit 97 Pkt. und den Titel Weltsieger 0,1 und zugleich erhielt er den CLUB-Jugendmeister mit 385,5 Punkten.<\/p><p class=\"MsoNormal\">\u00a0<\/p><p class=\"MsoNormal\">\u00a0<\/p><p>\u00a0<\/p><p class=\"MsoNormal\">\u00a0<\/p>\t\t\t\t\t\t\t\t<\/div>\n\t\t\t\t<\/div>\n\t\t\t\t<div class=\"elementor-element elementor-element-555a805 elementor-arrows-position-inside elementor-pagination-position-outside elementor-widget elementor-widget-image-carousel\" data-id=\"555a805\" data-element_type=\"widget\" data-e-type=\"widget\" data-settings=\"{&quot;slides_to_show&quot;:&quot;1&quot;,&quot;navigation&quot;:&quot;both&quot;,&quot;autoplay&quot;:&quot;yes&quot;,&quot;pause_on_hover&quot;:&quot;yes&quot;,&quot;pause_on_interaction&quot;:&quot;yes&quot;,&quot;autoplay_speed&quot;:5000,&quot;infinite&quot;:&quot;yes&quot;,&quot;effect&quot;:&quot;slide&quot;,&quot;speed&quot;:500}\" data-widget_type=\"image-carousel.default\">\n\t\t\t\t<div class=\"elementor-widget-container\">\n\t\t\t\t\t\t\t<div class=\"elementor-image-carousel-wrapper swiper\" role=\"region\" aria-roledescription=\"carousel\" aria-label=\"Bild Karussell\" dir=\"ltr\">\n\t\t\t<div class=\"elementor-image-carousel swiper-wrapper\" aria-live=\"off\">\n\t\t\t\t\t\t\t\t<div class=\"swiper-slide\" role=\"group\" aria-roledescription=\"slide\" aria-label=\"1 von 3\"><figure class=\"swiper-slide-inner\"><img decoding=\"async\" class=\"swiper-slide-image\" src=\"https:\/\/kleintierzuchtverein-v11.com\/wp-content\/uploads\/2023\/05\/049.jpg\" alt=\"049\" \/><\/figure><\/div><div class=\"swiper-slide\" role=\"group\" aria-roledescription=\"slide\" aria-label=\"2 von 3\"><figure class=\"swiper-slide-inner\"><img decoding=\"async\" class=\"swiper-slide-image\" src=\"https:\/\/kleintierzuchtverein-v11.com\/wp-content\/uploads\/2023\/05\/059-576x1024-1.jpg\" alt=\"059-576x1024\" \/><\/figure><\/div><div class=\"swiper-slide\" role=\"group\" aria-roledescription=\"slide\" aria-label=\"3 von 3\"><figure class=\"swiper-slide-inner\"><img decoding=\"async\" class=\"swiper-slide-image\" src=\"https:\/\/kleintierzuchtverein-v11.com\/wp-content\/uploads\/2023\/05\/067-576x1024-1.jpg\" alt=\"067-576x1024\" \/><\/figure><\/div>\t\t\t<\/div>\n\t\t\t\t\t\t\t\t\t\t\t\t<div class=\"elementor-swiper-button elementor-swiper-button-prev\" role=\"button\" tabindex=\"0\">\n\t\t\t\t\t\t<i aria-hidden=\"true\" class=\"eicon-chevron-left\"><\/i>\t\t\t\t\t<\/div>\n\t\t\t\t\t<div class=\"elementor-swiper-button elementor-swiper-button-next\" role=\"button\" tabindex=\"0\">\n\t\t\t\t\t\t<i aria-hidden=\"true\" class=\"eicon-chevron-right\"><\/i>\t\t\t\t\t<\/div>\n\t\t\t\t\n\t\t\t\t\t\t\t\t\t<div class=\"swiper-pagination\"><\/div>\n\t\t\t\t\t\t\t\t\t<\/div>\n\t\t\t\t\t\t<\/div>\n\t\t\t\t<\/div>\n\t\t\t\t\t<\/div>\n\t\t<\/div>\n\t\t\t\t\t<\/div>\n\t\t<\/section>\n\t\t\t\t\t<\/div>\n\t\t<\/div>\n\t\t\t\t\t<\/div>\n\t\t<\/section>\n\t\t\t\t<\/div>\n\t\t","protected":false},"excerpt":{"rendered":"<p>V11 Veranstaltungen 23 &amp; 24 November 2019 Bundesschau Wels 2019 Bereits zum 23. Mal veranstaltete der Rassezuchtverband der \u00f6sterr. Kleintierz\u00fcchter am 23. und 24. Nov. 2019 in Wels seine Bundesschau mit angeschlossen Rassebezogene Europaschauen f\u00fcr Kaninchen, Gefl\u00fcgel und Tauben. Die R\u00d6K Bundesschau Wels war die gr\u00f6\u00dfte Kleintierschau \u00d6sterreichs und pr\u00e4sentierte dort mehr als 14.000 Tiere. Die Z\u00fcchter des RKTZ V11 Bludenz erreichten dort mit ihren Tieren folgende hervorragende Ergebnisse: Herzlich gratulieren wir zum Bundesmeister: Tschabrun Rudolf mit Laufenten forellenfarbig und Champion mit 97 Pkt. Wachter Martin mit Riesenkaninchen wei\u00df 388,5 Pkt. und 2 Champions mit je 97,5 Pkt. R\u00fctzler Alfred mit Hasenkaninchen rotbraun 387 Pkt. und Champion mit 97,5 Pkt. sowie mit Deutschen Langschn\u00e4bligen T\u00fcmmler B\u00e4rtchen schwarz Jugendbundesmeister wurde Tagwerker Matthias mit Th\u00fcringer Kaninchen 387 Pkt. Jungz\u00fcchter Philipp J\u00e4ger erreichte mit Zwergwidder wei\u00df Rotauge eine Champion H\u00e4sin mit 97 Pkt. und den Titel Weltsieger 0,1 und zugleich erhielt er den CLUB-Jugendmeister mit 385,5 Punkten. \u00a0 \u00a0 \u00a0 \u00a0 Previous image Next image<\/p>\n","protected":false},"author":1,"featured_media":0,"parent":0,"menu_order":0,"comment_status":"closed","ping_status":"closed","template":"elementor_canvas","meta":{"_monsterinsights_skip_tracking":false,"_monsterinsights_sitenote_active":false,"_monsterinsights_sitenote_note":"","_monsterinsights_sitenote_category":0,"footnotes":""},"class_list":["post-957","page","type-page","status-publish","hentry"],"yoast_head":"<!-- This site is optimized with the Yoast SEO plugin v27.5 - https:\/\/yoast.com\/product\/yoast-seo-wordpress\/ -->\n<title>Bundesschau Wels 2019 - kleintierzuchtverein-v11.com<\/title>\n<meta name=\"robots\" content=\"index, follow, max-snippet:-1, max-image-preview:large, max-video-preview:-1\" \/>\n<link rel=\"canonical\" href=\"https:\/\/kleintierzuchtverein-v11.com\/?page_id=957\" \/>\n<meta property=\"og:locale\" content=\"de_DE\" \/>\n<meta property=\"og:type\" content=\"article\" \/>\n<meta property=\"og:title\" content=\"Bundesschau Wels 2019 - kleintierzuchtverein-v11.com\" \/>\n<meta property=\"og:description\" content=\"V11 Veranstaltungen 23 &amp; 24 November 2019 Bundesschau Wels 2019 Bereits zum 23. Mal veranstaltete der Rassezuchtverband der \u00f6sterr. Kleintierz\u00fcchter am 23. und 24. Nov. 2019 in Wels seine Bundesschau mit angeschlossen Rassebezogene Europaschauen f\u00fcr Kaninchen, Gefl\u00fcgel und Tauben. Die R\u00d6K Bundesschau Wels war die gr\u00f6\u00dfte Kleintierschau \u00d6sterreichs und pr\u00e4sentierte dort mehr als 14.000 Tiere. Die Z\u00fcchter des RKTZ V11 Bludenz erreichten dort mit ihren Tieren folgende hervorragende Ergebnisse: Herzlich gratulieren wir zum Bundesmeister: Tschabrun Rudolf mit Laufenten forellenfarbig und Champion mit 97 Pkt. Wachter Martin mit Riesenkaninchen wei\u00df 388,5 Pkt. und 2 Champions mit je 97,5 Pkt. R\u00fctzler Alfred mit Hasenkaninchen rotbraun 387 Pkt. und Champion mit 97,5 Pkt. sowie mit Deutschen Langschn\u00e4bligen T\u00fcmmler B\u00e4rtchen schwarz Jugendbundesmeister wurde Tagwerker Matthias mit Th\u00fcringer Kaninchen 387 Pkt. Jungz\u00fcchter Philipp J\u00e4ger erreichte mit Zwergwidder wei\u00df Rotauge eine Champion H\u00e4sin mit 97 Pkt. und den Titel Weltsieger 0,1 und zugleich erhielt er den CLUB-Jugendmeister mit 385,5 Punkten. \u00a0 \u00a0 \u00a0 \u00a0 Previous image Next image\" \/>\n<meta property=\"og:url\" content=\"https:\/\/kleintierzuchtverein-v11.com\/?page_id=957\" \/>\n<meta property=\"og:site_name\" content=\"kleintierzuchtverein-v11.com\" \/>\n<meta property=\"article:modified_time\" content=\"2023-06-03T12:23:59+00:00\" \/>\n<meta property=\"og:image\" content=\"http:\/\/kleintierzuchtverein-v11.com\/wp-content\/uploads\/2023\/05\/082-940x529-1.jpg\" \/>\n<meta name=\"twitter:card\" content=\"summary_large_image\" \/>\n<meta name=\"twitter:label1\" content=\"Gesch\u00e4tzte Lesezeit\" \/>\n\t<meta name=\"twitter:data1\" content=\"3\u00a0Minuten\" \/>\n<script type=\"application\/ld+json\" class=\"yoast-schema-graph\">{\"@context\":\"https:\\\/\\\/schema.org\",\"@graph\":[{\"@type\":\"WebPage\",\"@id\":\"https:\\\/\\\/kleintierzuchtverein-v11.com\\\/?page_id=957\",\"url\":\"https:\\\/\\\/kleintierzuchtverein-v11.com\\\/?page_id=957\",\"name\":\"Bundesschau Wels 2019 - kleintierzuchtverein-v11.com\",\"isPartOf\":{\"@id\":\"https:\\\/\\\/kleintierzuchtverein-v11.com\\\/#website\"},\"primaryImageOfPage\":{\"@id\":\"https:\\\/\\\/kleintierzuchtverein-v11.com\\\/?page_id=957#primaryimage\"},\"image\":{\"@id\":\"https:\\\/\\\/kleintierzuchtverein-v11.com\\\/?page_id=957#primaryimage\"},\"thumbnailUrl\":\"http:\\\/\\\/kleintierzuchtverein-v11.com\\\/wp-content\\\/uploads\\\/2023\\\/05\\\/082-940x529-1.jpg\",\"datePublished\":\"2023-05-21T11:59:10+00:00\",\"dateModified\":\"2023-06-03T12:23:59+00:00\",\"breadcrumb\":{\"@id\":\"https:\\\/\\\/kleintierzuchtverein-v11.com\\\/?page_id=957#breadcrumb\"},\"inLanguage\":\"de\",\"potentialAction\":[{\"@type\":\"ReadAction\",\"target\":[\"https:\\\/\\\/kleintierzuchtverein-v11.com\\\/?page_id=957\"]}]},{\"@type\":\"ImageObject\",\"inLanguage\":\"de\",\"@id\":\"https:\\\/\\\/kleintierzuchtverein-v11.com\\\/?page_id=957#primaryimage\",\"url\":\"http:\\\/\\\/kleintierzuchtverein-v11.com\\\/wp-content\\\/uploads\\\/2023\\\/05\\\/082-940x529-1.jpg\",\"contentUrl\":\"http:\\\/\\\/kleintierzuchtverein-v11.com\\\/wp-content\\\/uploads\\\/2023\\\/05\\\/082-940x529-1.jpg\"},{\"@type\":\"BreadcrumbList\",\"@id\":\"https:\\\/\\\/kleintierzuchtverein-v11.com\\\/?page_id=957#breadcrumb\",\"itemListElement\":[{\"@type\":\"ListItem\",\"position\":1,\"name\":\"Startseite\",\"item\":\"https:\\\/\\\/kleintierzuchtverein-v11.com\\\/\"},{\"@type\":\"ListItem\",\"position\":2,\"name\":\"Bundesschau Wels 2019\"}]},{\"@type\":\"WebSite\",\"@id\":\"https:\\\/\\\/kleintierzuchtverein-v11.com\\\/#website\",\"url\":\"https:\\\/\\\/kleintierzuchtverein-v11.com\\\/\",\"name\":\"kleintierzuchtverein-v11.com\",\"description\":\"Eine weiter WordPress-Webseite\",\"publisher\":{\"@id\":\"https:\\\/\\\/kleintierzuchtverein-v11.com\\\/#organization\"},\"potentialAction\":[{\"@type\":\"SearchAction\",\"target\":{\"@type\":\"EntryPoint\",\"urlTemplate\":\"https:\\\/\\\/kleintierzuchtverein-v11.com\\\/?s={search_term_string}\"},\"query-input\":{\"@type\":\"PropertyValueSpecification\",\"valueRequired\":true,\"valueName\":\"search_term_string\"}}],\"inLanguage\":\"de\"},{\"@type\":\"Organization\",\"@id\":\"https:\\\/\\\/kleintierzuchtverein-v11.com\\\/#organization\",\"name\":\"Rassenkleintierzuchtverein V11 Bludenz und 1. \u00d6sterreichischer Riesenclub\",\"url\":\"https:\\\/\\\/kleintierzuchtverein-v11.com\\\/\",\"logo\":{\"@type\":\"ImageObject\",\"inLanguage\":\"de\",\"@id\":\"https:\\\/\\\/kleintierzuchtverein-v11.com\\\/#\\\/schema\\\/logo\\\/image\\\/\",\"url\":\"https:\\\/\\\/kleintierzuchtverein-v11.com\\\/wp-content\\\/uploads\\\/2023\\\/05\\\/cropped-Bild1.png\",\"contentUrl\":\"https:\\\/\\\/kleintierzuchtverein-v11.com\\\/wp-content\\\/uploads\\\/2023\\\/05\\\/cropped-Bild1.png\",\"width\":2366,\"height\":829,\"caption\":\"Rassenkleintierzuchtverein V11 Bludenz und 1. \u00d6sterreichischer Riesenclub\"},\"image\":{\"@id\":\"https:\\\/\\\/kleintierzuchtverein-v11.com\\\/#\\\/schema\\\/logo\\\/image\\\/\"}}]}<\/script>\n<!-- \/ Yoast SEO plugin. -->","yoast_head_json":{"title":"Bundesschau Wels 2019 - kleintierzuchtverein-v11.com","robots":{"index":"index","follow":"follow","max-snippet":"max-snippet:-1","max-image-preview":"max-image-preview:large","max-video-preview":"max-video-preview:-1"},"canonical":"https:\/\/kleintierzuchtverein-v11.com\/?page_id=957","og_locale":"de_DE","og_type":"article","og_title":"Bundesschau Wels 2019 - kleintierzuchtverein-v11.com","og_description":"V11 Veranstaltungen 23 &amp; 24 November 2019 Bundesschau Wels 2019 Bereits zum 23. Mal veranstaltete der Rassezuchtverband der \u00f6sterr. Kleintierz\u00fcchter am 23. und 24. Nov. 2019 in Wels seine Bundesschau mit angeschlossen Rassebezogene Europaschauen f\u00fcr Kaninchen, Gefl\u00fcgel und Tauben. Die R\u00d6K Bundesschau Wels war die gr\u00f6\u00dfte Kleintierschau \u00d6sterreichs und pr\u00e4sentierte dort mehr als 14.000 Tiere. Die Z\u00fcchter des RKTZ V11 Bludenz erreichten dort mit ihren Tieren folgende hervorragende Ergebnisse: Herzlich gratulieren wir zum Bundesmeister: Tschabrun Rudolf mit Laufenten forellenfarbig und Champion mit 97 Pkt. Wachter Martin mit Riesenkaninchen wei\u00df 388,5 Pkt. und 2 Champions mit je 97,5 Pkt. R\u00fctzler Alfred mit Hasenkaninchen rotbraun 387 Pkt. und Champion mit 97,5 Pkt. sowie mit Deutschen Langschn\u00e4bligen T\u00fcmmler B\u00e4rtchen schwarz Jugendbundesmeister wurde Tagwerker Matthias mit Th\u00fcringer Kaninchen 387 Pkt. Jungz\u00fcchter Philipp J\u00e4ger erreichte mit Zwergwidder wei\u00df Rotauge eine Champion H\u00e4sin mit 97 Pkt. und den Titel Weltsieger 0,1 und zugleich erhielt er den CLUB-Jugendmeister mit 385,5 Punkten. \u00a0 \u00a0 \u00a0 \u00a0 Previous image Next image","og_url":"https:\/\/kleintierzuchtverein-v11.com\/?page_id=957","og_site_name":"kleintierzuchtverein-v11.com","article_modified_time":"2023-06-03T12:23:59+00:00","og_image":[{"url":"http:\/\/kleintierzuchtverein-v11.com\/wp-content\/uploads\/2023\/05\/082-940x529-1.jpg","type":"","width":"","height":""}],"twitter_card":"summary_large_image","twitter_misc":{"Gesch\u00e4tzte Lesezeit":"3\u00a0Minuten"},"schema":{"@context":"https:\/\/schema.org","@graph":[{"@type":"WebPage","@id":"https:\/\/kleintierzuchtverein-v11.com\/?page_id=957","url":"https:\/\/kleintierzuchtverein-v11.com\/?page_id=957","name":"Bundesschau Wels 2019 - kleintierzuchtverein-v11.com","isPartOf":{"@id":"https:\/\/kleintierzuchtverein-v11.com\/#website"},"primaryImageOfPage":{"@id":"https:\/\/kleintierzuchtverein-v11.com\/?page_id=957#primaryimage"},"image":{"@id":"https:\/\/kleintierzuchtverein-v11.com\/?page_id=957#primaryimage"},"thumbnailUrl":"http:\/\/kleintierzuchtverein-v11.com\/wp-content\/uploads\/2023\/05\/082-940x529-1.jpg","datePublished":"2023-05-21T11:59:10+00:00","dateModified":"2023-06-03T12:23:59+00:00","breadcrumb":{"@id":"https:\/\/kleintierzuchtverein-v11.com\/?page_id=957#breadcrumb"},"inLanguage":"de","potentialAction":[{"@type":"ReadAction","target":["https:\/\/kleintierzuchtverein-v11.com\/?page_id=957"]}]},{"@type":"ImageObject","inLanguage":"de","@id":"https:\/\/kleintierzuchtverein-v11.com\/?page_id=957#primaryimage","url":"http:\/\/kleintierzuchtverein-v11.com\/wp-content\/uploads\/2023\/05\/082-940x529-1.jpg","contentUrl":"http:\/\/kleintierzuchtverein-v11.com\/wp-content\/uploads\/2023\/05\/082-940x529-1.jpg"},{"@type":"BreadcrumbList","@id":"https:\/\/kleintierzuchtverein-v11.com\/?page_id=957#breadcrumb","itemListElement":[{"@type":"ListItem","position":1,"name":"Startseite","item":"https:\/\/kleintierzuchtverein-v11.com\/"},{"@type":"ListItem","position":2,"name":"Bundesschau Wels 2019"}]},{"@type":"WebSite","@id":"https:\/\/kleintierzuchtverein-v11.com\/#website","url":"https:\/\/kleintierzuchtverein-v11.com\/","name":"kleintierzuchtverein-v11.com","description":"Eine weiter WordPress-Webseite","publisher":{"@id":"https:\/\/kleintierzuchtverein-v11.com\/#organization"},"potentialAction":[{"@type":"SearchAction","target":{"@type":"EntryPoint","urlTemplate":"https:\/\/kleintierzuchtverein-v11.com\/?s={search_term_string}"},"query-input":{"@type":"PropertyValueSpecification","valueRequired":true,"valueName":"search_term_string"}}],"inLanguage":"de"},{"@type":"Organization","@id":"https:\/\/kleintierzuchtverein-v11.com\/#organization","name":"Rassenkleintierzuchtverein V11 Bludenz und 1. \u00d6sterreichischer Riesenclub","url":"https:\/\/kleintierzuchtverein-v11.com\/","logo":{"@type":"ImageObject","inLanguage":"de","@id":"https:\/\/kleintierzuchtverein-v11.com\/#\/schema\/logo\/image\/","url":"https:\/\/kleintierzuchtverein-v11.com\/wp-content\/uploads\/2023\/05\/cropped-Bild1.png","contentUrl":"https:\/\/kleintierzuchtverein-v11.com\/wp-content\/uploads\/2023\/05\/cropped-Bild1.png","width":2366,"height":829,"caption":"Rassenkleintierzuchtverein V11 Bludenz und 1. \u00d6sterreichischer Riesenclub"},"image":{"@id":"https:\/\/kleintierzuchtverein-v11.com\/#\/schema\/logo\/image\/"}}]}},"_links":{"self":[{"href":"https:\/\/kleintierzuchtverein-v11.com\/index.php?rest_route=\/wp\/v2\/pages\/957","targetHints":{"allow":["GET"]}}],"collection":[{"href":"https:\/\/kleintierzuchtverein-v11.com\/index.php?rest_route=\/wp\/v2\/pages"}],"about":[{"href":"https:\/\/kleintierzuchtverein-v11.com\/index.php?rest_route=\/wp\/v2\/types\/page"}],"author":[{"embeddable":true,"href":"https:\/\/kleintierzuchtverein-v11.com\/index.php?rest_route=\/wp\/v2\/users\/1"}],"replies":[{"embeddable":true,"href":"https:\/\/kleintierzuchtverein-v11.com\/index.php?rest_route=%2Fwp%2Fv2%2Fcomments&post=957"}],"version-history":[{"count":24,"href":"https:\/\/kleintierzuchtverein-v11.com\/index.php?rest_route=\/wp\/v2\/pages\/957\/revisions"}],"predecessor-version":[{"id":2137,"href":"https:\/\/kleintierzuchtverein-v11.com\/index.php?rest_route=\/wp\/v2\/pages\/957\/revisions\/2137"}],"wp:attachment":[{"href":"https:\/\/kleintierzuchtverein-v11.com\/index.php?rest_route=%2Fwp%2Fv2%2Fmedia&parent=957"}],"curies":[{"name":"wp","href":"https:\/\/api.w.org\/{rel}","templated":true}]}}