{"id":958,"date":"2023-05-21T14:02:27","date_gmt":"2023-05-21T12:02:27","guid":{"rendered":"https:\/\/kleintierzuchtverein-v11.com\/?page_id=958"},"modified":"2023-05-22T11:00:16","modified_gmt":"2023-05-22T09:00:16","slug":"landesschau-2019","status":"publish","type":"page","link":"https:\/\/kleintierzuchtverein-v11.com\/?page_id=958","title":{"rendered":"Landesschau 2019"},"content":{"rendered":"\t\t<div data-elementor-type=\"wp-page\" data-elementor-id=\"958\" class=\"elementor elementor-958\">\n\t\t\t\t\t\t<section class=\"elementor-section elementor-top-section elementor-element elementor-element-36c58afc elementor-section-content-middle elementor-section-stretched elementor-section-boxed elementor-section-height-default elementor-section-height-default wpr-particle-no wpr-jarallax-no wpr-parallax-no wpr-sticky-section-no wpr-equal-height-no\" data-id=\"36c58afc\" data-element_type=\"section\" data-e-type=\"section\" data-settings=\"{&quot;stretch_section&quot;:&quot;section-stretched&quot;}\">\n\t\t\t\t\t\t\t<div class=\"elementor-background-overlay\"><\/div>\n\t\t\t\t\t\t\t<div class=\"elementor-container elementor-column-gap-wide\">\n\t\t\t\t\t<div class=\"elementor-column elementor-col-100 elementor-top-column elementor-element elementor-element-1dec330\" data-id=\"1dec330\" data-element_type=\"column\" data-e-type=\"column\">\n\t\t\t<div class=\"elementor-widget-wrap elementor-element-populated\">\n\t\t\t\t\t\t<div class=\"elementor-element elementor-element-400d862 elementor-invisible elementor-widget elementor-widget-heading\" data-id=\"400d862\" data-element_type=\"widget\" data-e-type=\"widget\" data-settings=\"{&quot;_animation&quot;:&quot;fadeIn&quot;,&quot;_animation_delay&quot;:50}\" data-widget_type=\"heading.default\">\n\t\t\t\t<div class=\"elementor-widget-container\">\n\t\t\t\t\t<h2 class=\"elementor-heading-title elementor-size-default\">V11<\/h2>\t\t\t\t<\/div>\n\t\t\t\t<\/div>\n\t\t\t\t<div class=\"elementor-element elementor-element-3d86ce63 elementor-invisible elementor-widget elementor-widget-heading\" data-id=\"3d86ce63\" data-element_type=\"widget\" data-e-type=\"widget\" data-settings=\"{&quot;_animation&quot;:&quot;fadeIn&quot;,&quot;_animation_delay&quot;:100}\" data-widget_type=\"heading.default\">\n\t\t\t\t<div class=\"elementor-widget-container\">\n\t\t\t\t\t<h2 class=\"elementor-heading-title elementor-size-default\">Veranstaltungen<\/h2>\t\t\t\t<\/div>\n\t\t\t\t<\/div>\n\t\t\t\t<div class=\"elementor-element elementor-element-4a222aea elementor-widget-divider--view-line elementor-invisible elementor-widget elementor-widget-divider\" data-id=\"4a222aea\" data-element_type=\"widget\" data-e-type=\"widget\" data-settings=\"{&quot;_animation&quot;:&quot;fadeIn&quot;,&quot;_animation_delay&quot;:300}\" data-widget_type=\"divider.default\">\n\t\t\t\t<div class=\"elementor-widget-container\">\n\t\t\t\t\t\t\t<div class=\"elementor-divider\">\n\t\t\t<span class=\"elementor-divider-separator\">\n\t\t\t\t\t\t<\/span>\n\t\t<\/div>\n\t\t\t\t\t\t<\/div>\n\t\t\t\t<\/div>\n\t\t\t\t\t<\/div>\n\t\t<\/div>\n\t\t\t\t\t<\/div>\n\t\t<\/section>\n\t\t\t\t<section class=\"elementor-section elementor-top-section elementor-element elementor-element-7865ca5f elementor-section-content-middle envato-kit-141-top-0 elementor-section-stretched elementor-section-boxed elementor-section-height-default elementor-section-height-default wpr-particle-no wpr-jarallax-no wpr-parallax-no wpr-sticky-section-no wpr-equal-height-no elementor-invisible\" data-id=\"7865ca5f\" data-element_type=\"section\" data-e-type=\"section\" data-settings=\"{&quot;background_background&quot;:&quot;classic&quot;,&quot;stretch_section&quot;:&quot;section-stretched&quot;,&quot;animation&quot;:&quot;fadeIn&quot;,&quot;animation_delay&quot;:800}\">\n\t\t\t\t\t\t\t<div class=\"elementor-background-overlay\"><\/div>\n\t\t\t\t\t\t\t<div class=\"elementor-container elementor-column-gap-wide\">\n\t\t\t\t\t<div class=\"elementor-column elementor-col-100 elementor-top-column elementor-element elementor-element-44eac818\" data-id=\"44eac818\" data-element_type=\"column\" data-e-type=\"column\">\n\t\t\t<div class=\"elementor-widget-wrap elementor-element-populated\">\n\t\t\t\t\t\t<div class=\"elementor-element elementor-element-21d5f7bf elementor-invisible elementor-widget elementor-widget-heading\" data-id=\"21d5f7bf\" data-element_type=\"widget\" data-e-type=\"widget\" data-settings=\"{&quot;_animation&quot;:&quot;fadeIn&quot;,&quot;_animation_delay&quot;:50}\" data-widget_type=\"heading.default\">\n\t\t\t\t<div class=\"elementor-widget-container\">\n\t\t\t\t\t<h2 class=\"elementor-heading-title elementor-size-default\">16 &amp; 17 November 2019<\/h2>\t\t\t\t<\/div>\n\t\t\t\t<\/div>\n\t\t\t\t<div class=\"elementor-element elementor-element-3cbe98e4 elementor-invisible elementor-widget elementor-widget-heading\" data-id=\"3cbe98e4\" data-element_type=\"widget\" data-e-type=\"widget\" data-settings=\"{&quot;_animation&quot;:&quot;fadeIn&quot;,&quot;_animation_delay&quot;:100}\" data-widget_type=\"heading.default\">\n\t\t\t\t<div class=\"elementor-widget-container\">\n\t\t\t\t\t<h2 class=\"elementor-heading-title elementor-size-default\">Landesschau 2019<\/h2>\t\t\t\t<\/div>\n\t\t\t\t<\/div>\n\t\t\t\t<div class=\"elementor-element elementor-element-721e2617 elementor-widget-divider--view-line elementor-invisible elementor-widget elementor-widget-divider\" data-id=\"721e2617\" data-element_type=\"widget\" data-e-type=\"widget\" data-settings=\"{&quot;_animation&quot;:&quot;fadeIn&quot;,&quot;_animation_delay&quot;:300}\" data-widget_type=\"divider.default\">\n\t\t\t\t<div class=\"elementor-widget-container\">\n\t\t\t\t\t\t\t<div class=\"elementor-divider\">\n\t\t\t<span class=\"elementor-divider-separator\">\n\t\t\t\t\t\t<\/span>\n\t\t<\/div>\n\t\t\t\t\t\t<\/div>\n\t\t\t\t<\/div>\n\t\t\t\t<div class=\"elementor-element elementor-element-7652c9b0 elementor-widget elementor-widget-image\" data-id=\"7652c9b0\" data-element_type=\"widget\" data-e-type=\"widget\" data-widget_type=\"image.default\">\n\t\t\t\t<div class=\"elementor-widget-container\">\n\t\t\t\t\t\t\t\t\t\t\t\t\t\t\t<img fetchpriority=\"high\" decoding=\"async\" width=\"2560\" height=\"1440\" src=\"https:\/\/kleintierzuchtverein-v11.com\/wp-content\/uploads\/2023\/05\/088-scaled.jpg\" class=\"attachment-full size-full wp-image-648\" alt=\"\" srcset=\"https:\/\/kleintierzuchtverein-v11.com\/wp-content\/uploads\/2023\/05\/088-scaled.jpg 2560w, https:\/\/kleintierzuchtverein-v11.com\/wp-content\/uploads\/2023\/05\/088-300x169.jpg 300w, https:\/\/kleintierzuchtverein-v11.com\/wp-content\/uploads\/2023\/05\/088-1024x576.jpg 1024w, https:\/\/kleintierzuchtverein-v11.com\/wp-content\/uploads\/2023\/05\/088-768x432.jpg 768w, https:\/\/kleintierzuchtverein-v11.com\/wp-content\/uploads\/2023\/05\/088-1536x864.jpg 1536w, https:\/\/kleintierzuchtverein-v11.com\/wp-content\/uploads\/2023\/05\/088-2048x1152.jpg 2048w\" sizes=\"(max-width: 2560px) 100vw, 2560px\" \/>\t\t\t\t\t\t\t\t\t\t\t\t\t\t\t<\/div>\n\t\t\t\t<\/div>\n\t\t\t\t<section class=\"elementor-section elementor-inner-section elementor-element elementor-element-1755d8ba elementor-section-boxed elementor-section-height-default elementor-section-height-default wpr-particle-no wpr-jarallax-no wpr-parallax-no wpr-sticky-section-no wpr-equal-height-no\" data-id=\"1755d8ba\" data-element_type=\"section\" data-e-type=\"section\">\n\t\t\t\t\t\t<div class=\"elementor-container elementor-column-gap-default\">\n\t\t\t\t\t<div class=\"elementor-column elementor-col-100 elementor-inner-column elementor-element elementor-element-708244f3\" data-id=\"708244f3\" data-element_type=\"column\" data-e-type=\"column\">\n\t\t\t<div class=\"elementor-widget-wrap elementor-element-populated\">\n\t\t\t\t\t\t<div class=\"elementor-element elementor-element-76dce6da elementor-widget elementor-widget-text-editor\" data-id=\"76dce6da\" data-element_type=\"widget\" data-e-type=\"widget\" data-widget_type=\"text-editor.default\">\n\t\t\t\t<div class=\"elementor-widget-container\">\n\t\t\t\t\t\t\t\t\t<p>Die Landesausstellung der Vorarlberger Kleintierz\u00fcchter am 16. und 17. November 2019 wurde unter dem Motto \u201eFreude an Kleintieren \u2013 ein Hobby f\u00fcr Jung und Alt\u201c in der Schorenhalle Dornbirn durchgef\u00fchrt. Ausgestellt und von Preisrichter bewertet wurden insgesamt ca. 1000 Kaninchen, Gefl\u00fcgel und Tauben.<\/p><p>Die Z\u00fcchter des Kleintierzuchtvereines Bludenz erreichten dort mit ihren Tieren folgende hervorragende Ergebnisse:<\/p><p>Landesmeister bei der Sparte Kaninchen:<\/p><p>Jungz\u00fcchter Matthias Tagwerker mit Th\u00fcringer 386,5 Pkt.<\/p><p>Martin Wachter mit Riesen wei\u00df 387,5 Pkt.<\/p><p>Champions:<\/p><p>R\u00fctzler Alfred mit Hasenkaninchen 97 Pkt.<\/p><p>Tagwerker Matthias mit Th\u00fcringer 97 Pkt.<\/p><p>Martin Wachter mit Riesen wei\u00df 97,5 Pkt.<\/p><p>Holl Franz, Martin und Angelika Wachter erhielten jeweils f\u00fcr besondere Tiere von den Preisrichtern einen Ehrenpreis.<\/p><p>\u00a0<\/p><p>Ausstellungssieger und Landesmeister in der Gruppe 1 bei der Sparte Tauben:<\/p><p>R\u00fctzler Alfred mit Dt. langschn\u00e4bligen T\u00fcmmler 383 Pkt. und hatte einen Champion 1,0 mit 97 Pkt. und erhielt das Alpenrheinband.<\/p><p>1.Vize Landesmeister: Tschabrun Rudolf mit Show Racer 373 Pkt. und hatte ebenfalls einen Champion 0,1 mit 95 Pkt.<\/p><p>Herzliche Gratulation an die Preistr\u00e4ger!<\/p><p>\u00a0<\/p><p>\u00a0<\/p><p>\u00a0<\/p>\t\t\t\t\t\t\t\t<\/div>\n\t\t\t\t<\/div>\n\t\t\t\t<div class=\"elementor-element elementor-element-15ae8f72 elementor-arrows-position-inside elementor-pagination-position-outside elementor-widget elementor-widget-image-carousel\" data-id=\"15ae8f72\" data-element_type=\"widget\" data-e-type=\"widget\" data-settings=\"{&quot;slides_to_show&quot;:&quot;1&quot;,&quot;lazyload&quot;:&quot;yes&quot;,&quot;navigation&quot;:&quot;both&quot;,&quot;autoplay&quot;:&quot;yes&quot;,&quot;pause_on_hover&quot;:&quot;yes&quot;,&quot;pause_on_interaction&quot;:&quot;yes&quot;,&quot;autoplay_speed&quot;:5000,&quot;infinite&quot;:&quot;yes&quot;,&quot;effect&quot;:&quot;slide&quot;,&quot;speed&quot;:500}\" data-widget_type=\"image-carousel.default\">\n\t\t\t\t<div class=\"elementor-widget-container\">\n\t\t\t\t\t\t\t<div class=\"elementor-image-carousel-wrapper swiper\" role=\"region\" aria-roledescription=\"carousel\" aria-label=\"Bild Karussell\" dir=\"ltr\">\n\t\t\t<div class=\"elementor-image-carousel swiper-wrapper\" aria-live=\"off\">\n\t\t\t\t\t\t\t\t<div class=\"swiper-slide\" role=\"group\" aria-roledescription=\"slide\" aria-label=\"1 von 7\"><figure class=\"swiper-slide-inner\"><img class=\"swiper-slide-image swiper-lazy\" data-src=\"https:\/\/kleintierzuchtverein-v11.com\/wp-content\/uploads\/2023\/05\/1-4-scaled.jpg\" alt=\"1\" \/><div class=\"swiper-lazy-preloader\"><\/div><\/figure><\/div><div class=\"swiper-slide\" role=\"group\" aria-roledescription=\"slide\" aria-label=\"2 von 7\"><figure class=\"swiper-slide-inner\"><img class=\"swiper-slide-image swiper-lazy\" data-src=\"https:\/\/kleintierzuchtverein-v11.com\/wp-content\/uploads\/2023\/05\/2-4-scaled.jpg\" alt=\"2\" \/><div class=\"swiper-lazy-preloader\"><\/div><\/figure><\/div><div class=\"swiper-slide\" role=\"group\" aria-roledescription=\"slide\" aria-label=\"3 von 7\"><figure class=\"swiper-slide-inner\"><img class=\"swiper-slide-image swiper-lazy\" data-src=\"https:\/\/kleintierzuchtverein-v11.com\/wp-content\/uploads\/2023\/05\/3-4-scaled.jpg\" alt=\"3\" \/><div class=\"swiper-lazy-preloader\"><\/div><\/figure><\/div><div class=\"swiper-slide\" role=\"group\" aria-roledescription=\"slide\" aria-label=\"4 von 7\"><figure class=\"swiper-slide-inner\"><img class=\"swiper-slide-image swiper-lazy\" data-src=\"https:\/\/kleintierzuchtverein-v11.com\/wp-content\/uploads\/2023\/05\/4-4-scaled.jpg\" alt=\"4\" \/><div class=\"swiper-lazy-preloader\"><\/div><\/figure><\/div><div class=\"swiper-slide\" role=\"group\" aria-roledescription=\"slide\" aria-label=\"5 von 7\"><figure class=\"swiper-slide-inner\"><img class=\"swiper-slide-image swiper-lazy\" data-src=\"https:\/\/kleintierzuchtverein-v11.com\/wp-content\/uploads\/2023\/05\/5-4-scaled.jpg\" alt=\"5\" \/><div class=\"swiper-lazy-preloader\"><\/div><\/figure><\/div><div class=\"swiper-slide\" role=\"group\" aria-roledescription=\"slide\" aria-label=\"6 von 7\"><figure class=\"swiper-slide-inner\"><img class=\"swiper-slide-image swiper-lazy\" data-src=\"https:\/\/kleintierzuchtverein-v11.com\/wp-content\/uploads\/2023\/05\/6-1-scaled.jpg\" alt=\"6\" \/><div class=\"swiper-lazy-preloader\"><\/div><\/figure><\/div><div class=\"swiper-slide\" role=\"group\" aria-roledescription=\"slide\" aria-label=\"7 von 7\"><figure class=\"swiper-slide-inner\"><img class=\"swiper-slide-image swiper-lazy\" data-src=\"https:\/\/kleintierzuchtverein-v11.com\/wp-content\/uploads\/2023\/05\/11-scaled.jpg\" alt=\"11\" \/><div class=\"swiper-lazy-preloader\"><\/div><\/figure><\/div>\t\t\t<\/div>\n\t\t\t\t\t\t\t\t\t\t\t\t<div class=\"elementor-swiper-button elementor-swiper-button-prev\" role=\"button\" tabindex=\"0\">\n\t\t\t\t\t\t<i aria-hidden=\"true\" class=\"eicon-chevron-left\"><\/i>\t\t\t\t\t<\/div>\n\t\t\t\t\t<div class=\"elementor-swiper-button elementor-swiper-button-next\" role=\"button\" tabindex=\"0\">\n\t\t\t\t\t\t<i aria-hidden=\"true\" class=\"eicon-chevron-right\"><\/i>\t\t\t\t\t<\/div>\n\t\t\t\t\n\t\t\t\t\t\t\t\t\t<div class=\"swiper-pagination\"><\/div>\n\t\t\t\t\t\t\t\t\t<\/div>\n\t\t\t\t\t\t<\/div>\n\t\t\t\t<\/div>\n\t\t\t\t\t<\/div>\n\t\t<\/div>\n\t\t\t\t\t<\/div>\n\t\t<\/section>\n\t\t\t\t\t<\/div>\n\t\t<\/div>\n\t\t\t\t\t<\/div>\n\t\t<\/section>\n\t\t\t\t<\/div>\n\t\t","protected":false},"excerpt":{"rendered":"<p>V11 Veranstaltungen 16 &amp; 17 November 2019 Landesschau 2019 Die Landesausstellung der Vorarlberger Kleintierz\u00fcchter am 16. und 17. November 2019 wurde unter dem Motto \u201eFreude an Kleintieren \u2013 ein Hobby f\u00fcr Jung und Alt\u201c in der Schorenhalle Dornbirn durchgef\u00fchrt. Ausgestellt und von Preisrichter bewertet wurden insgesamt ca. 1000 Kaninchen, Gefl\u00fcgel und Tauben. Die Z\u00fcchter des Kleintierzuchtvereines Bludenz erreichten dort mit ihren Tieren folgende hervorragende Ergebnisse: Landesmeister bei der Sparte Kaninchen: Jungz\u00fcchter Matthias Tagwerker mit Th\u00fcringer 386,5 Pkt. Martin Wachter mit Riesen wei\u00df 387,5 Pkt. Champions: R\u00fctzler Alfred mit Hasenkaninchen 97 Pkt. Tagwerker Matthias mit Th\u00fcringer 97 Pkt. Martin Wachter mit Riesen wei\u00df 97,5 Pkt. Holl Franz, Martin und Angelika Wachter erhielten jeweils f\u00fcr besondere Tiere von den Preisrichtern einen Ehrenpreis. \u00a0 Ausstellungssieger und Landesmeister in der Gruppe 1 bei der Sparte Tauben: R\u00fctzler Alfred mit Dt. langschn\u00e4bligen T\u00fcmmler 383 Pkt. und hatte einen Champion 1,0 mit 97 Pkt. und erhielt das Alpenrheinband. 1.Vize Landesmeister: Tschabrun Rudolf mit Show Racer 373 Pkt. und hatte ebenfalls einen Champion 0,1 mit 95 Pkt. Herzliche Gratulation an die Preistr\u00e4ger! \u00a0 \u00a0 \u00a0 Previous image Next image<\/p>\n","protected":false},"author":1,"featured_media":0,"parent":0,"menu_order":0,"comment_status":"closed","ping_status":"closed","template":"elementor_canvas","meta":{"_monsterinsights_skip_tracking":false,"_monsterinsights_sitenote_active":false,"_monsterinsights_sitenote_note":"","_monsterinsights_sitenote_category":0,"footnotes":""},"class_list":["post-958","page","type-page","status-publish","hentry"],"yoast_head":"<!-- This site is optimized with the Yoast SEO plugin v27.5 - https:\/\/yoast.com\/product\/yoast-seo-wordpress\/ -->\n<title>Landesschau 2019 - kleintierzuchtverein-v11.com<\/title>\n<meta name=\"robots\" content=\"index, follow, max-snippet:-1, max-image-preview:large, max-video-preview:-1\" \/>\n<link rel=\"canonical\" href=\"https:\/\/kleintierzuchtverein-v11.com\/?page_id=958\" \/>\n<meta property=\"og:locale\" content=\"de_DE\" \/>\n<meta property=\"og:type\" content=\"article\" \/>\n<meta property=\"og:title\" content=\"Landesschau 2019 - kleintierzuchtverein-v11.com\" \/>\n<meta property=\"og:description\" content=\"V11 Veranstaltungen 16 &amp; 17 November 2019 Landesschau 2019 Die Landesausstellung der Vorarlberger Kleintierz\u00fcchter am 16. und 17. November 2019 wurde unter dem Motto \u201eFreude an Kleintieren \u2013 ein Hobby f\u00fcr Jung und Alt\u201c in der Schorenhalle Dornbirn durchgef\u00fchrt. Ausgestellt und von Preisrichter bewertet wurden insgesamt ca. 1000 Kaninchen, Gefl\u00fcgel und Tauben. Die Z\u00fcchter des Kleintierzuchtvereines Bludenz erreichten dort mit ihren Tieren folgende hervorragende Ergebnisse: Landesmeister bei der Sparte Kaninchen: Jungz\u00fcchter Matthias Tagwerker mit Th\u00fcringer 386,5 Pkt. Martin Wachter mit Riesen wei\u00df 387,5 Pkt. Champions: R\u00fctzler Alfred mit Hasenkaninchen 97 Pkt. Tagwerker Matthias mit Th\u00fcringer 97 Pkt. Martin Wachter mit Riesen wei\u00df 97,5 Pkt. Holl Franz, Martin und Angelika Wachter erhielten jeweils f\u00fcr besondere Tiere von den Preisrichtern einen Ehrenpreis. \u00a0 Ausstellungssieger und Landesmeister in der Gruppe 1 bei der Sparte Tauben: R\u00fctzler Alfred mit Dt. langschn\u00e4bligen T\u00fcmmler 383 Pkt. und hatte einen Champion 1,0 mit 97 Pkt. und erhielt das Alpenrheinband. 1.Vize Landesmeister: Tschabrun Rudolf mit Show Racer 373 Pkt. und hatte ebenfalls einen Champion 0,1 mit 95 Pkt. Herzliche Gratulation an die Preistr\u00e4ger! \u00a0 \u00a0 \u00a0 Previous image Next image\" \/>\n<meta property=\"og:url\" content=\"https:\/\/kleintierzuchtverein-v11.com\/?page_id=958\" \/>\n<meta property=\"og:site_name\" content=\"kleintierzuchtverein-v11.com\" \/>\n<meta property=\"article:modified_time\" content=\"2023-05-22T09:00:16+00:00\" \/>\n<meta property=\"og:image\" content=\"http:\/\/kleintierzuchtverein-v11.com\/wp-content\/uploads\/2023\/05\/088-scaled.jpg\" \/>\n<meta name=\"twitter:card\" content=\"summary_large_image\" \/>\n<meta name=\"twitter:label1\" content=\"Gesch\u00e4tzte Lesezeit\" \/>\n\t<meta name=\"twitter:data1\" content=\"1\u00a0Minute\" \/>\n<script type=\"application\/ld+json\" class=\"yoast-schema-graph\">{\"@context\":\"https:\\\/\\\/schema.org\",\"@graph\":[{\"@type\":\"WebPage\",\"@id\":\"https:\\\/\\\/kleintierzuchtverein-v11.com\\\/?page_id=958\",\"url\":\"https:\\\/\\\/kleintierzuchtverein-v11.com\\\/?page_id=958\",\"name\":\"Landesschau 2019 - kleintierzuchtverein-v11.com\",\"isPartOf\":{\"@id\":\"https:\\\/\\\/kleintierzuchtverein-v11.com\\\/#website\"},\"primaryImageOfPage\":{\"@id\":\"https:\\\/\\\/kleintierzuchtverein-v11.com\\\/?page_id=958#primaryimage\"},\"image\":{\"@id\":\"https:\\\/\\\/kleintierzuchtverein-v11.com\\\/?page_id=958#primaryimage\"},\"thumbnailUrl\":\"http:\\\/\\\/kleintierzuchtverein-v11.com\\\/wp-content\\\/uploads\\\/2023\\\/05\\\/088-scaled.jpg\",\"datePublished\":\"2023-05-21T12:02:27+00:00\",\"dateModified\":\"2023-05-22T09:00:16+00:00\",\"breadcrumb\":{\"@id\":\"https:\\\/\\\/kleintierzuchtverein-v11.com\\\/?page_id=958#breadcrumb\"},\"inLanguage\":\"de\",\"potentialAction\":[{\"@type\":\"ReadAction\",\"target\":[\"https:\\\/\\\/kleintierzuchtverein-v11.com\\\/?page_id=958\"]}]},{\"@type\":\"ImageObject\",\"inLanguage\":\"de\",\"@id\":\"https:\\\/\\\/kleintierzuchtverein-v11.com\\\/?page_id=958#primaryimage\",\"url\":\"http:\\\/\\\/kleintierzuchtverein-v11.com\\\/wp-content\\\/uploads\\\/2023\\\/05\\\/088-scaled.jpg\",\"contentUrl\":\"http:\\\/\\\/kleintierzuchtverein-v11.com\\\/wp-content\\\/uploads\\\/2023\\\/05\\\/088-scaled.jpg\"},{\"@type\":\"BreadcrumbList\",\"@id\":\"https:\\\/\\\/kleintierzuchtverein-v11.com\\\/?page_id=958#breadcrumb\",\"itemListElement\":[{\"@type\":\"ListItem\",\"position\":1,\"name\":\"Startseite\",\"item\":\"https:\\\/\\\/kleintierzuchtverein-v11.com\\\/\"},{\"@type\":\"ListItem\",\"position\":2,\"name\":\"Landesschau 2019\"}]},{\"@type\":\"WebSite\",\"@id\":\"https:\\\/\\\/kleintierzuchtverein-v11.com\\\/#website\",\"url\":\"https:\\\/\\\/kleintierzuchtverein-v11.com\\\/\",\"name\":\"kleintierzuchtverein-v11.com\",\"description\":\"Eine weiter WordPress-Webseite\",\"publisher\":{\"@id\":\"https:\\\/\\\/kleintierzuchtverein-v11.com\\\/#organization\"},\"potentialAction\":[{\"@type\":\"SearchAction\",\"target\":{\"@type\":\"EntryPoint\",\"urlTemplate\":\"https:\\\/\\\/kleintierzuchtverein-v11.com\\\/?s={search_term_string}\"},\"query-input\":{\"@type\":\"PropertyValueSpecification\",\"valueRequired\":true,\"valueName\":\"search_term_string\"}}],\"inLanguage\":\"de\"},{\"@type\":\"Organization\",\"@id\":\"https:\\\/\\\/kleintierzuchtverein-v11.com\\\/#organization\",\"name\":\"Rassenkleintierzuchtverein V11 Bludenz und 1. \u00d6sterreichischer Riesenclub\",\"url\":\"https:\\\/\\\/kleintierzuchtverein-v11.com\\\/\",\"logo\":{\"@type\":\"ImageObject\",\"inLanguage\":\"de\",\"@id\":\"https:\\\/\\\/kleintierzuchtverein-v11.com\\\/#\\\/schema\\\/logo\\\/image\\\/\",\"url\":\"https:\\\/\\\/kleintierzuchtverein-v11.com\\\/wp-content\\\/uploads\\\/2023\\\/05\\\/cropped-Bild1.png\",\"contentUrl\":\"https:\\\/\\\/kleintierzuchtverein-v11.com\\\/wp-content\\\/uploads\\\/2023\\\/05\\\/cropped-Bild1.png\",\"width\":2366,\"height\":829,\"caption\":\"Rassenkleintierzuchtverein V11 Bludenz und 1. \u00d6sterreichischer Riesenclub\"},\"image\":{\"@id\":\"https:\\\/\\\/kleintierzuchtverein-v11.com\\\/#\\\/schema\\\/logo\\\/image\\\/\"}}]}<\/script>\n<!-- \/ Yoast SEO plugin. -->","yoast_head_json":{"title":"Landesschau 2019 - kleintierzuchtverein-v11.com","robots":{"index":"index","follow":"follow","max-snippet":"max-snippet:-1","max-image-preview":"max-image-preview:large","max-video-preview":"max-video-preview:-1"},"canonical":"https:\/\/kleintierzuchtverein-v11.com\/?page_id=958","og_locale":"de_DE","og_type":"article","og_title":"Landesschau 2019 - kleintierzuchtverein-v11.com","og_description":"V11 Veranstaltungen 16 &amp; 17 November 2019 Landesschau 2019 Die Landesausstellung der Vorarlberger Kleintierz\u00fcchter am 16. und 17. November 2019 wurde unter dem Motto \u201eFreude an Kleintieren \u2013 ein Hobby f\u00fcr Jung und Alt\u201c in der Schorenhalle Dornbirn durchgef\u00fchrt. Ausgestellt und von Preisrichter bewertet wurden insgesamt ca. 1000 Kaninchen, Gefl\u00fcgel und Tauben. Die Z\u00fcchter des Kleintierzuchtvereines Bludenz erreichten dort mit ihren Tieren folgende hervorragende Ergebnisse: Landesmeister bei der Sparte Kaninchen: Jungz\u00fcchter Matthias Tagwerker mit Th\u00fcringer 386,5 Pkt. Martin Wachter mit Riesen wei\u00df 387,5 Pkt. Champions: R\u00fctzler Alfred mit Hasenkaninchen 97 Pkt. Tagwerker Matthias mit Th\u00fcringer 97 Pkt. Martin Wachter mit Riesen wei\u00df 97,5 Pkt. Holl Franz, Martin und Angelika Wachter erhielten jeweils f\u00fcr besondere Tiere von den Preisrichtern einen Ehrenpreis. \u00a0 Ausstellungssieger und Landesmeister in der Gruppe 1 bei der Sparte Tauben: R\u00fctzler Alfred mit Dt. langschn\u00e4bligen T\u00fcmmler 383 Pkt. und hatte einen Champion 1,0 mit 97 Pkt. und erhielt das Alpenrheinband. 1.Vize Landesmeister: Tschabrun Rudolf mit Show Racer 373 Pkt. und hatte ebenfalls einen Champion 0,1 mit 95 Pkt. Herzliche Gratulation an die Preistr\u00e4ger! \u00a0 \u00a0 \u00a0 Previous image Next image","og_url":"https:\/\/kleintierzuchtverein-v11.com\/?page_id=958","og_site_name":"kleintierzuchtverein-v11.com","article_modified_time":"2023-05-22T09:00:16+00:00","og_image":[{"url":"http:\/\/kleintierzuchtverein-v11.com\/wp-content\/uploads\/2023\/05\/088-scaled.jpg","type":"","width":"","height":""}],"twitter_card":"summary_large_image","twitter_misc":{"Gesch\u00e4tzte Lesezeit":"1\u00a0Minute"},"schema":{"@context":"https:\/\/schema.org","@graph":[{"@type":"WebPage","@id":"https:\/\/kleintierzuchtverein-v11.com\/?page_id=958","url":"https:\/\/kleintierzuchtverein-v11.com\/?page_id=958","name":"Landesschau 2019 - kleintierzuchtverein-v11.com","isPartOf":{"@id":"https:\/\/kleintierzuchtverein-v11.com\/#website"},"primaryImageOfPage":{"@id":"https:\/\/kleintierzuchtverein-v11.com\/?page_id=958#primaryimage"},"image":{"@id":"https:\/\/kleintierzuchtverein-v11.com\/?page_id=958#primaryimage"},"thumbnailUrl":"http:\/\/kleintierzuchtverein-v11.com\/wp-content\/uploads\/2023\/05\/088-scaled.jpg","datePublished":"2023-05-21T12:02:27+00:00","dateModified":"2023-05-22T09:00:16+00:00","breadcrumb":{"@id":"https:\/\/kleintierzuchtverein-v11.com\/?page_id=958#breadcrumb"},"inLanguage":"de","potentialAction":[{"@type":"ReadAction","target":["https:\/\/kleintierzuchtverein-v11.com\/?page_id=958"]}]},{"@type":"ImageObject","inLanguage":"de","@id":"https:\/\/kleintierzuchtverein-v11.com\/?page_id=958#primaryimage","url":"http:\/\/kleintierzuchtverein-v11.com\/wp-content\/uploads\/2023\/05\/088-scaled.jpg","contentUrl":"http:\/\/kleintierzuchtverein-v11.com\/wp-content\/uploads\/2023\/05\/088-scaled.jpg"},{"@type":"BreadcrumbList","@id":"https:\/\/kleintierzuchtverein-v11.com\/?page_id=958#breadcrumb","itemListElement":[{"@type":"ListItem","position":1,"name":"Startseite","item":"https:\/\/kleintierzuchtverein-v11.com\/"},{"@type":"ListItem","position":2,"name":"Landesschau 2019"}]},{"@type":"WebSite","@id":"https:\/\/kleintierzuchtverein-v11.com\/#website","url":"https:\/\/kleintierzuchtverein-v11.com\/","name":"kleintierzuchtverein-v11.com","description":"Eine weiter WordPress-Webseite","publisher":{"@id":"https:\/\/kleintierzuchtverein-v11.com\/#organization"},"potentialAction":[{"@type":"SearchAction","target":{"@type":"EntryPoint","urlTemplate":"https:\/\/kleintierzuchtverein-v11.com\/?s={search_term_string}"},"query-input":{"@type":"PropertyValueSpecification","valueRequired":true,"valueName":"search_term_string"}}],"inLanguage":"de"},{"@type":"Organization","@id":"https:\/\/kleintierzuchtverein-v11.com\/#organization","name":"Rassenkleintierzuchtverein V11 Bludenz und 1. \u00d6sterreichischer Riesenclub","url":"https:\/\/kleintierzuchtverein-v11.com\/","logo":{"@type":"ImageObject","inLanguage":"de","@id":"https:\/\/kleintierzuchtverein-v11.com\/#\/schema\/logo\/image\/","url":"https:\/\/kleintierzuchtverein-v11.com\/wp-content\/uploads\/2023\/05\/cropped-Bild1.png","contentUrl":"https:\/\/kleintierzuchtverein-v11.com\/wp-content\/uploads\/2023\/05\/cropped-Bild1.png","width":2366,"height":829,"caption":"Rassenkleintierzuchtverein V11 Bludenz und 1. \u00d6sterreichischer Riesenclub"},"image":{"@id":"https:\/\/kleintierzuchtverein-v11.com\/#\/schema\/logo\/image\/"}}]}},"_links":{"self":[{"href":"https:\/\/kleintierzuchtverein-v11.com\/index.php?rest_route=\/wp\/v2\/pages\/958","targetHints":{"allow":["GET"]}}],"collection":[{"href":"https:\/\/kleintierzuchtverein-v11.com\/index.php?rest_route=\/wp\/v2\/pages"}],"about":[{"href":"https:\/\/kleintierzuchtverein-v11.com\/index.php?rest_route=\/wp\/v2\/types\/page"}],"author":[{"embeddable":true,"href":"https:\/\/kleintierzuchtverein-v11.com\/index.php?rest_route=\/wp\/v2\/users\/1"}],"replies":[{"embeddable":true,"href":"https:\/\/kleintierzuchtverein-v11.com\/index.php?rest_route=%2Fwp%2Fv2%2Fcomments&post=958"}],"version-history":[{"count":23,"href":"https:\/\/kleintierzuchtverein-v11.com\/index.php?rest_route=\/wp\/v2\/pages\/958\/revisions"}],"predecessor-version":[{"id":1848,"href":"https:\/\/kleintierzuchtverein-v11.com\/index.php?rest_route=\/wp\/v2\/pages\/958\/revisions\/1848"}],"wp:attachment":[{"href":"https:\/\/kleintierzuchtverein-v11.com\/index.php?rest_route=%2Fwp%2Fv2%2Fmedia&parent=958"}],"curies":[{"name":"wp","href":"https:\/\/api.w.org\/{rel}","templated":true}]}}